{"id":15427,"date":"2025-08-12T12:55:49","date_gmt":"2025-08-12T10:55:49","guid":{"rendered":"https:\/\/test.astieks.com\/product\/danhera-pretiosa-refill-500-ml\/"},"modified":"2025-10-30T15:34:28","modified_gmt":"2025-10-30T13:34:28","slug":"danhera-pretiosa-refill-500-ml","status":"publish","type":"product","link":"https:\/\/store.astieks.com\/et\/product\/danhera-pretiosa-refill-500-ml\/","title":{"rendered":"DANHERA PRETIOSA Refill 500 ml"},"content":{"rendered":"<p>Kuninglikkus ja naiselikkus v\u00e4ljendatuna Essentsis, kus puhtad valged \u00f5ied, roosa pipar ja haruldane kuninglik orhidee v\u00f5luvad kujutlusv\u00f5imet ning r\u00e4\u00e4givad naiselikust elegantsist.<br \/>Jumalanna Hera iluduse s\u00fcmbolina on Pretiosa peen parf\u00fc\u00fcmikooslus, mis tungib s\u00fcdamesse ja loob unen\u00e4olise atmosf\u00e4\u00e4ri. <\/p>\n<p><strong>Komplektis:<\/strong><\/p>\n<ul>\n<li>Ringlussev]etav PET pudel<\/li>\n<\/ul>\n","protected":false},"excerpt":{"rendered":"<p>Parf\u00fc\u00fcm PRETIOSA praktilises t\u00e4itepakendis, mis on loodud sinu dekantri ja spreipudeli t\u00e4iendamiseks.<\/p>\n","protected":false},"featured_media":13944,"template":"","meta":{"_acf_changed":false},"product_brand":[483],"product_cat":[253,245,257],"product_tag":[],"class_list":{"0":"post-15427","1":"product","2":"type-product","3":"status-publish","4":"has-post-thumbnail","6":"product_brand-danhera-et","7":"product_cat-difuuserid","8":"product_cat-kodulohnad","9":"product_cat-pihustid","10":"nt-post-class","11":"","17":"first","18":"instock","19":"taxable","20":"shipping-taxable","21":"purchasable","22":"product-type-simple"},"acf":[],"_links":{"self":[{"href":"https:\/\/store.astieks.com\/et\/wp-json\/wp\/v2\/product\/15427","targetHints":{"allow":["GET"]}}],"collection":[{"href":"https:\/\/store.astieks.com\/et\/wp-json\/wp\/v2\/product"}],"about":[{"href":"https:\/\/store.astieks.com\/et\/wp-json\/wp\/v2\/types\/product"}],"version-history":[{"count":1,"href":"https:\/\/store.astieks.com\/et\/wp-json\/wp\/v2\/product\/15427\/revisions"}],"predecessor-version":[{"id":15442,"href":"https:\/\/store.astieks.com\/et\/wp-json\/wp\/v2\/product\/15427\/revisions\/15442"}],"wp:featuredmedia":[{"embeddable":true,"href":"https:\/\/store.astieks.com\/et\/wp-json\/wp\/v2\/media\/13944"}],"wp:attachment":[{"href":"https:\/\/store.astieks.com\/et\/wp-json\/wp\/v2\/media?parent=15427"}],"wp:term":[{"taxonomy":"product_brand","embeddable":true,"href":"https:\/\/store.astieks.com\/et\/wp-json\/wp\/v2\/product_brand?post=15427"},{"taxonomy":"product_cat","embeddable":true,"href":"https:\/\/store.astieks.com\/et\/wp-json\/wp\/v2\/product_cat?post=15427"},{"taxonomy":"product_tag","embeddable":true,"href":"https:\/\/store.astieks.com\/et\/wp-json\/wp\/v2\/product_tag?post=15427"}],"curies":[{"name":"wp","href":"https:\/\/api.w.org\/{rel}","templated":true}]}}