{"id":15425,"date":"2025-08-12T12:45:55","date_gmt":"2025-08-12T10:45:55","guid":{"rendered":"https:\/\/test.astieks.com\/product\/danhera-pretiosa-decanter-medium-250-ml\/"},"modified":"2025-10-30T15:22:52","modified_gmt":"2025-10-30T13:22:52","slug":"danhera-pretiosa-decanter-medium-250-ml","status":"publish","type":"product","link":"https:\/\/store.astieks.com\/et\/product\/danhera-pretiosa-decanter-medium-250-ml\/","title":{"rendered":"DANHERA PRETIOSA Aroomidiffusor Medium 250 ml"},"content":{"rendered":"<p>Kuninglikkus ja naiselikkus v\u00e4ljendatuna Essentsis, kus puhtad valged \u00f5ied, roosa pipar ja haruldane kuninglik orhidee v\u00f5luvad kujutlusv\u00f5imet ning r\u00e4\u00e4givad naiselikust elegantsist.<br \/>Jumalanna Hera iluduse s\u00fcmbolina on Pretiosa peen parf\u00fc\u00fcmikooslus, mis tungib s\u00fcdamesse ja loob unen\u00e4olise atmosf\u00e4\u00e4ri. <\/p>\n<p><strong>Komplektis:<\/strong><\/p>\n<ul>\n<li style=\"list-style-type: none;\">\n<ul>\n<li>Impero Aroomidiffusor 250 ml<\/li>\n<li>Mikrofiibrist pulgad aroomidifuusori jaoks<\/li>\n<li>Prestige kinkekarp<\/li>\n<li>Tootevoldik<\/li>\n<\/ul>\n<\/li>\n<\/ul>\n","protected":false},"excerpt":{"rendered":"<p>PRETIOSA keskmises dekantris \u2013 sinu teekonna algus DANHERA legendaarsete parf\u00fc\u00fcmide maailma. Peen olfaktoorne aare, mida imetleda, armastada, kinkida. <\/p>\n","protected":false},"featured_media":13920,"template":"","meta":{"_acf_changed":false},"product_brand":[483],"product_cat":[253,245],"product_tag":[],"class_list":{"0":"post-15425","1":"product","2":"type-product","3":"status-publish","4":"has-post-thumbnail","6":"product_brand-danhera-et","7":"product_cat-difuuserid","8":"product_cat-kodulohnad","9":"nt-post-class","10":"","16":"first","17":"instock","18":"taxable","19":"shipping-taxable","20":"purchasable","21":"product-type-simple"},"acf":[],"_links":{"self":[{"href":"https:\/\/store.astieks.com\/et\/wp-json\/wp\/v2\/product\/15425","targetHints":{"allow":["GET"]}}],"collection":[{"href":"https:\/\/store.astieks.com\/et\/wp-json\/wp\/v2\/product"}],"about":[{"href":"https:\/\/store.astieks.com\/et\/wp-json\/wp\/v2\/types\/product"}],"version-history":[{"count":1,"href":"https:\/\/store.astieks.com\/et\/wp-json\/wp\/v2\/product\/15425\/revisions"}],"predecessor-version":[{"id":19118,"href":"https:\/\/store.astieks.com\/et\/wp-json\/wp\/v2\/product\/15425\/revisions\/19118"}],"wp:featuredmedia":[{"embeddable":true,"href":"https:\/\/store.astieks.com\/et\/wp-json\/wp\/v2\/media\/13920"}],"wp:attachment":[{"href":"https:\/\/store.astieks.com\/et\/wp-json\/wp\/v2\/media?parent=15425"}],"wp:term":[{"taxonomy":"product_brand","embeddable":true,"href":"https:\/\/store.astieks.com\/et\/wp-json\/wp\/v2\/product_brand?post=15425"},{"taxonomy":"product_cat","embeddable":true,"href":"https:\/\/store.astieks.com\/et\/wp-json\/wp\/v2\/product_cat?post=15425"},{"taxonomy":"product_tag","embeddable":true,"href":"https:\/\/store.astieks.com\/et\/wp-json\/wp\/v2\/product_tag?post=15425"}],"curies":[{"name":"wp","href":"https:\/\/api.w.org\/{rel}","templated":true}]}}