{"id":15418,"date":"2025-08-11T16:20:38","date_gmt":"2025-08-11T14:20:38","guid":{"rendered":"https:\/\/test.astieks.com\/product\/danhera-sovrana-natural-spray-100-ml\/"},"modified":"2025-10-13T14:55:41","modified_gmt":"2025-10-13T12:55:41","slug":"danhera-sovrana-natural-spray-100-ml","status":"publish","type":"product","link":"https:\/\/store.astieks.com\/et\/product\/danhera-sovrana-natural-spray-100-ml\/","title":{"rendered":"DANHERA SOVRANA Looduslik Sprei 100 ml"},"content":{"rendered":"<p>\u201eSovrana\u201c Etioopia printsessi AIDA auks \u2013 kullatud preestrinna, kes oli vangistatud Egiptuse maal. Radam\u00e8s, Egiptuse s\u00f5jav\u00e4epealik, on tema keelatud armastus.<br \/>\n<br \/>Eksklusiivne kooslus, kus jutustuvad klassitsismi hiilgus, \u00f6\u00f6 m\u00fcstika ja kulla v\u00e4\u00e4rtuslikkus. See on kuninglik olfaktoriaalne teos, mis loob luksusliku ja t\u00f5eliselt ainulaadse taju. Selle k\u00fclluslikud ja peened noodid saatsid Maestro F. Zeffirelli lavastatud \u201eAIDA\u201c esietendust.   <\/p>\n<p>L\u00f5hn, mis joovastab k\u00f5iki s\u00fcdameid oma idamaiste varjunditega \u2013 kallihinnaline nard ja viiruk sulavad \u00fchte magusa apelsini ja vanilje pilves.<\/p>\n<p><strong>Komplektis:<\/strong><\/p>\n<ul>\n<li>Parf\u00fc\u00fcmisprei klaaspudelis<\/li>\n<li>Karp<\/li>\n<\/ul>\n<p>L\u00f5hn SOVRANA praktilises taaskasutatavas pihustusvormis, mis on loodud selleks, et seda saaks kanda, kogeda ja armastada. Koos sinuga \u2013 kuhu iganes sa ka ei l\u00e4heks. <\/p>\n<p>Meeleline kogemus: Aida ja Radam\u00e8s \u2013 kaks hinge, sama intensiivsed kui nende legendaarne armastuslugu. Portree, mis muutub ajatut armastust jutustades kaasaegseks. L\u00f5hn, mis \u00e4ratab hingelist otsingut, esteetilist iha ja kunstilist t\u00e4iuslikkust.  <\/p>\n<p>L\u00f5hnap\u00fcramiid:<\/p>\n<p>Tipunoodid: elemi, labdanum, magus apelsin<br \/>\nS\u00fcdamenoodid: aromaatne nardo, viiruk, nelgilehed<br \/>\nBaasnoodid: bensoe, vanilje, vedel merevaik, seedripuu<\/p>\n","protected":false},"excerpt":{"rendered":"<p>Parf\u00fc\u00fcm SOVRANA praktilises taaskasutatavas pihustis, loodud selleks, et seda kogeda, kanda ja hinnata.<br \/>\nKoos sinuga, kuhu iganes sa ka ei l\u00e4heks.<\/p>\n","protected":false},"featured_media":13729,"template":"","meta":{"_acf_changed":false},"product_brand":[483],"product_cat":[245,257],"product_tag":[],"class_list":{"0":"post-15418","1":"product","2":"type-product","3":"status-publish","4":"has-post-thumbnail","6":"product_brand-danhera-et","7":"product_cat-kodulohnad","8":"product_cat-pihustid","9":"nt-post-class","10":"","16":"first","17":"instock","18":"taxable","19":"shipping-taxable","20":"purchasable","21":"product-type-simple"},"acf":[],"_links":{"self":[{"href":"https:\/\/store.astieks.com\/et\/wp-json\/wp\/v2\/product\/15418","targetHints":{"allow":["GET"]}}],"collection":[{"href":"https:\/\/store.astieks.com\/et\/wp-json\/wp\/v2\/product"}],"about":[{"href":"https:\/\/store.astieks.com\/et\/wp-json\/wp\/v2\/types\/product"}],"version-history":[{"count":1,"href":"https:\/\/store.astieks.com\/et\/wp-json\/wp\/v2\/product\/15418\/revisions"}],"predecessor-version":[{"id":18942,"href":"https:\/\/store.astieks.com\/et\/wp-json\/wp\/v2\/product\/15418\/revisions\/18942"}],"wp:featuredmedia":[{"embeddable":true,"href":"https:\/\/store.astieks.com\/et\/wp-json\/wp\/v2\/media\/13729"}],"wp:attachment":[{"href":"https:\/\/store.astieks.com\/et\/wp-json\/wp\/v2\/media?parent=15418"}],"wp:term":[{"taxonomy":"product_brand","embeddable":true,"href":"https:\/\/store.astieks.com\/et\/wp-json\/wp\/v2\/product_brand?post=15418"},{"taxonomy":"product_cat","embeddable":true,"href":"https:\/\/store.astieks.com\/et\/wp-json\/wp\/v2\/product_cat?post=15418"},{"taxonomy":"product_tag","embeddable":true,"href":"https:\/\/store.astieks.com\/et\/wp-json\/wp\/v2\/product_tag?post=15418"}],"curies":[{"name":"wp","href":"https:\/\/api.w.org\/{rel}","templated":true}]}}