{"id":15417,"date":"2025-08-11T16:35:00","date_gmt":"2025-08-11T14:35:00","guid":{"rendered":"https:\/\/test.astieks.com\/product\/danhera-sovrana-decanter-mini-125-ml\/"},"modified":"2025-10-30T16:43:17","modified_gmt":"2025-10-30T14:43:17","slug":"danhera-sovrana-decanter-mini-125-ml","status":"publish","type":"product","link":"https:\/\/store.astieks.com\/et\/product\/danhera-sovrana-decanter-mini-125-ml\/","title":{"rendered":"DANHERA SOVRANA Aroomidiffusor Mini 125 ml"},"content":{"rendered":"<p>\u201eSovrana\u201c Etioopia printsessi AIDA auks \u2013 kullatud preestrinna, kes oli vangistatud Egiptuse maal. Radam\u00e8s, Egiptuse s\u00f5jav\u00e4epealik, on tema keelatud armastus.<br \/>\n<br \/>Eksklusiivne kooslus, kus jutustuvad klassitsismi hiilgus, \u00f6\u00f6 m\u00fcstika ja kulla v\u00e4\u00e4rtuslikkus. See on kuninglik olfaktoriaalne teos, mis loob luksusliku ja t\u00f5eliselt ainulaadse taju. Selle k\u00fclluslikud ja peened noodid saatsid Maestro F. Zeffirelli lavastatud \u201eAIDA\u201c esietendust.   <\/p>\n<p>L\u00f5hn, mis joovastab k\u00f5iki s\u00fcdameid oma idamaiste varjunditega \u2013 kallihinnaline nard ja viiruk sulavad \u00fchte magusa apelsini ja vanilje pilves.<\/p>\n<p><strong>Komplektis:<\/strong><\/p>\n<ul>\n<li style=\"list-style-type: none;\">\n<ul>\n<li>Impero Aroomidiffusor125 ml<\/li>\n<li>Mikrofiibrist pulgad aroomidifuusori jaoks<\/li>\n<li>Prestige kinkekarp<\/li>\n<li>Tootevoldik<\/li>\n<\/ul>\n<\/li>\n<\/ul>\n<p>L\u00f5hn SOVRANA Decanter Minis, et alustada oma teekonda DANHERA legendaarsete parf\u00fc\u00fcmide maailma.<\/p>\n<p>Rafineeritud l\u00f5hnaaare, mida imetleda, armastada, kinkida.<\/p>\n","protected":false},"excerpt":{"rendered":"<p>Parf\u00fc\u00fcm SOVRANA Mini-dekanteris, et alustada oma teekonda DANHERA legendaarsete parf\u00fc\u00fcmide maailma. Rafineeritud olfaktoriaalne aare, mida imetleda, armastada ja kinkida. <\/p>\n","protected":false},"featured_media":13741,"template":"","meta":{"_acf_changed":false},"product_brand":[483],"product_cat":[253,245],"product_tag":[],"class_list":{"0":"post-15417","1":"product","2":"type-product","3":"status-publish","4":"has-post-thumbnail","6":"product_brand-danhera-et","7":"product_cat-difuuserid","8":"product_cat-kodulohnad","9":"nt-post-class","10":"","16":"first","17":"instock","18":"taxable","19":"shipping-taxable","20":"purchasable","21":"product-type-simple"},"acf":[],"_links":{"self":[{"href":"https:\/\/store.astieks.com\/et\/wp-json\/wp\/v2\/product\/15417","targetHints":{"allow":["GET"]}}],"collection":[{"href":"https:\/\/store.astieks.com\/et\/wp-json\/wp\/v2\/product"}],"about":[{"href":"https:\/\/store.astieks.com\/et\/wp-json\/wp\/v2\/types\/product"}],"version-history":[{"count":2,"href":"https:\/\/store.astieks.com\/et\/wp-json\/wp\/v2\/product\/15417\/revisions"}],"predecessor-version":[{"id":19146,"href":"https:\/\/store.astieks.com\/et\/wp-json\/wp\/v2\/product\/15417\/revisions\/19146"}],"wp:featuredmedia":[{"embeddable":true,"href":"https:\/\/store.astieks.com\/et\/wp-json\/wp\/v2\/media\/13741"}],"wp:attachment":[{"href":"https:\/\/store.astieks.com\/et\/wp-json\/wp\/v2\/media?parent=15417"}],"wp:term":[{"taxonomy":"product_brand","embeddable":true,"href":"https:\/\/store.astieks.com\/et\/wp-json\/wp\/v2\/product_brand?post=15417"},{"taxonomy":"product_cat","embeddable":true,"href":"https:\/\/store.astieks.com\/et\/wp-json\/wp\/v2\/product_cat?post=15417"},{"taxonomy":"product_tag","embeddable":true,"href":"https:\/\/store.astieks.com\/et\/wp-json\/wp\/v2\/product_tag?post=15417"}],"curies":[{"name":"wp","href":"https:\/\/api.w.org\/{rel}","templated":true}]}}