{"id":15414,"date":"2025-08-18T16:00:00","date_gmt":"2025-08-18T14:00:00","guid":{"rendered":"https:\/\/test.astieks.com\/product\/danhera-kera-natural-spray-100-ml\/"},"modified":"2026-03-19T11:53:37","modified_gmt":"2026-03-19T09:53:37","slug":"danhera-kera-natural-spray-100-ml","status":"publish","type":"product","link":"https:\/\/store.astieks.com\/et\/product\/danhera-kera-natural-spray-100-ml\/","title":{"rendered":"DANHERA KERA Looduslik Sprei 100 ml"},"content":{"rendered":"<p>Meeleline kogemus: Vana kirsipuul\u00f5hnalise \u00f5itsengu vaiksete sosinate all embavad armastajad \u00f5rnalt oma peidetud unistusi leebe tuulehoos. See on aeg, mil antakse armastuse t\u00f5otusi, olles sukeldunud Sakura lummusesse. Kirglikud sosinad p\u00f5imuvad sihvakate puidunootidega ja k\u00f5ik on t\u00e4idetud igaviku elava aroomiga.  <\/p>\n<p>Aromakoloogia: Aitab esile kutsuda r\u00f5\u00f5mu ja eluj\u00f5u tunnet (tuberoos, kirss, jasmiin sambac ja must pipar), rahu ja heaolu tunnet (sandlipuu, merevaik, pat\u0161uli).<\/p>\n<p>L\u00f5hnap\u00fcramiid:<\/p>\n<p>Tipunoodid: tuberoos, kirss \u2013 must kirss, Sambaci jasmiin, must pipar<br \/>\nS\u00fcdamenoodid: ambroksaan, oudipuu, must tee<br \/>\nBaasnoodid: sandlipuu, muskus, merevaik, pat\u0161uli<\/p>\n","protected":false},"excerpt":{"rendered":"<p>Meeleline kogemus: Vana kirsipuul\u00f5hnalise \u00f5itsengu vaiksete sosinate all embavad armastajad \u00f5rnalt oma peidetud unistusi leebe tuulehoos. See on aeg, mil antakse armastuse t\u00f5otusi, olles sukeldunud Sakura lummusesse. Kirglikud sosinad p\u00f5imuvad sihvakate puidunootidega ja k\u00f5ik on t\u00e4idetud igaviku elava aroomiga. Aromakoloogia: Aitab esile kutsuda r\u00f5\u00f5mu ja eluj\u00f5u tunnet (tuberoos, kirss, jasmiin sambac ja must pipar), rahu&#8230;<\/p>\n","protected":false},"featured_media":13169,"template":"","meta":{"_acf_changed":false},"product_brand":[483],"product_cat":[245,257],"product_tag":[],"class_list":{"0":"post-15414","1":"product","2":"type-product","3":"status-publish","4":"has-post-thumbnail","6":"product_brand-danhera-et","7":"product_cat-kodulohnad","8":"product_cat-pihustid","9":"nt-post-class","10":"","13":"excerpt-none","16":"first","17":"instock","18":"taxable","19":"shipping-taxable","20":"purchasable","21":"product-type-simple"},"acf":[],"_links":{"self":[{"href":"https:\/\/store.astieks.com\/et\/wp-json\/wp\/v2\/product\/15414","targetHints":{"allow":["GET"]}}],"collection":[{"href":"https:\/\/store.astieks.com\/et\/wp-json\/wp\/v2\/product"}],"about":[{"href":"https:\/\/store.astieks.com\/et\/wp-json\/wp\/v2\/types\/product"}],"version-history":[{"count":1,"href":"https:\/\/store.astieks.com\/et\/wp-json\/wp\/v2\/product\/15414\/revisions"}],"predecessor-version":[{"id":18920,"href":"https:\/\/store.astieks.com\/et\/wp-json\/wp\/v2\/product\/15414\/revisions\/18920"}],"wp:featuredmedia":[{"embeddable":true,"href":"https:\/\/store.astieks.com\/et\/wp-json\/wp\/v2\/media\/13169"}],"wp:attachment":[{"href":"https:\/\/store.astieks.com\/et\/wp-json\/wp\/v2\/media?parent=15414"}],"wp:term":[{"taxonomy":"product_brand","embeddable":true,"href":"https:\/\/store.astieks.com\/et\/wp-json\/wp\/v2\/product_brand?post=15414"},{"taxonomy":"product_cat","embeddable":true,"href":"https:\/\/store.astieks.com\/et\/wp-json\/wp\/v2\/product_cat?post=15414"},{"taxonomy":"product_tag","embeddable":true,"href":"https:\/\/store.astieks.com\/et\/wp-json\/wp\/v2\/product_tag?post=15414"}],"curies":[{"name":"wp","href":"https:\/\/api.w.org\/{rel}","templated":true}]}}