{"id":15411,"date":"2025-08-08T10:36:38","date_gmt":"2025-08-08T08:36:38","guid":{"rendered":"https:\/\/test.astieks.com\/product\/danhera-kera-luxury-box\/"},"modified":"2025-10-30T16:46:01","modified_gmt":"2025-10-30T14:46:01","slug":"danhera-kera-luxury-box","status":"publish","type":"product","link":"https:\/\/store.astieks.com\/et\/product\/danhera-kera-luxury-box\/","title":{"rendered":"DANHERA KERA Sprei eksklusiivses karbis 30 ml"},"content":{"rendered":"<p>Afrodite subliimne puuvili, kirsi\u00f5is, paljastab oma k\u00f5ige lummavama olemuse. See on r\u00e4nnak, mis j\u00e4lgib oma juuri iidsetesse K\u00e9rasosesse, kududes armastusloo, kus t\u00e4ies \u00f5ies kirsi\u00f5ite kirg ja v\u00f5lu \u00f5itsevad. <\/p>\n<p>KERA kehastab lopsaka, salap\u00e4rase aia olemust. Siin sulanduvad romantika ja iha lummava magnetismiga.<x id=\"gid_0\"><\/x>KERA on Paradiisi Vili, puhta naudingut s\u00fcmboliseeriv, kus igavene armastus leiab pelgupaiga puhta elegantsi atmosf\u00e4\u00e4ris.<x id=\"gid_1\"><\/x>Rikkalik embus, mis on t\u00e4idetud k\u00fcpsete mustade kirsside l\u00f5hnaga, segunedes tuberoosiga \u2013 k\u00f5igi lillede valitsejaga. Koos loovad nad intrigeeriva sensoorse ballet\u2019i, p\u00f5imides v\u00fcrtse, puid, merevaiku, sandlipuud ja elavat kirge harmooniliseks s\u00fcmfooniaks.  <\/p>\n<p><strong>Komplektis:<\/strong><\/p>\n<ul>\n<li>KERA Looduslik Sprei 30 ml<\/li>\n<li>Aroomikaart<\/li>\n<\/ul>\n","protected":false},"excerpt":{"rendered":"<p>Kirsi\u00f5ite Armastuse Lugu<\/p>\n<p>L\u00f5hnapilved s\u00e4ravate kuldsete dekoratsioonidega toovad meieni erakordselt peene l\u00f5hnaga \u00fcllatuse.<\/p>\n","protected":false},"featured_media":13237,"template":"","meta":{"_acf_changed":false},"product_brand":[483],"product_cat":[245,257],"product_tag":[],"class_list":{"0":"post-15411","1":"product","2":"type-product","3":"status-publish","4":"has-post-thumbnail","6":"product_brand-danhera-et","7":"product_cat-kodulohnad","8":"product_cat-pihustid","9":"nt-post-class","10":"","16":"first","17":"instock","18":"taxable","19":"shipping-taxable","20":"purchasable","21":"product-type-simple"},"acf":[],"_links":{"self":[{"href":"https:\/\/store.astieks.com\/et\/wp-json\/wp\/v2\/product\/15411","targetHints":{"allow":["GET"]}}],"collection":[{"href":"https:\/\/store.astieks.com\/et\/wp-json\/wp\/v2\/product"}],"about":[{"href":"https:\/\/store.astieks.com\/et\/wp-json\/wp\/v2\/types\/product"}],"version-history":[{"count":1,"href":"https:\/\/store.astieks.com\/et\/wp-json\/wp\/v2\/product\/15411\/revisions"}],"predecessor-version":[{"id":19159,"href":"https:\/\/store.astieks.com\/et\/wp-json\/wp\/v2\/product\/15411\/revisions\/19159"}],"wp:featuredmedia":[{"embeddable":true,"href":"https:\/\/store.astieks.com\/et\/wp-json\/wp\/v2\/media\/13237"}],"wp:attachment":[{"href":"https:\/\/store.astieks.com\/et\/wp-json\/wp\/v2\/media?parent=15411"}],"wp:term":[{"taxonomy":"product_brand","embeddable":true,"href":"https:\/\/store.astieks.com\/et\/wp-json\/wp\/v2\/product_brand?post=15411"},{"taxonomy":"product_cat","embeddable":true,"href":"https:\/\/store.astieks.com\/et\/wp-json\/wp\/v2\/product_cat?post=15411"},{"taxonomy":"product_tag","embeddable":true,"href":"https:\/\/store.astieks.com\/et\/wp-json\/wp\/v2\/product_tag?post=15411"}],"curies":[{"name":"wp","href":"https:\/\/api.w.org\/{rel}","templated":true}]}}