{"id":15407,"date":"2025-08-07T14:51:20","date_gmt":"2025-08-07T12:51:20","guid":{"rendered":"https:\/\/test.astieks.com\/product\/danhera-kera-refill-500-ml\/"},"modified":"2025-10-30T16:45:51","modified_gmt":"2025-10-30T14:45:51","slug":"danhera-kera-refill-500-ml","status":"publish","type":"product","link":"https:\/\/store.astieks.com\/et\/product\/danhera-kera-refill-500-ml\/","title":{"rendered":"DANHERA KERA Refill 500 ml"},"content":{"rendered":"<p>Afrodite subliimne puuvili, kirsi\u00f5is, paljastab oma k\u00f5ige lummavama olemuse. See on r\u00e4nnak, mis j\u00e4lgib oma juuri iidsetesse K\u00e9rasosesse, kududes armastusloo, kus t\u00e4ies \u00f5ies kirsi\u00f5ite kirg ja v\u00f5lu \u00f5itsevad. <\/p>\n<p>KERA kehastab lopsaka, salap\u00e4rase aia olemust. Siin sulanduvad romantika ja iha lummava magnetismiga.<x id=\"gid_0\"><\/x>KERA on Paradiisi Vili, puhta naudingut s\u00fcmboliseeriv, kus igavene armastus leiab pelgupaiga puhta elegantsi atmosf\u00e4\u00e4ris.<x id=\"gid_1\"><\/x>Rikkalik embus, mis on t\u00e4idetud k\u00fcpsete mustade kirsside l\u00f5hnaga, segunedes tuberoosiga \u2013 k\u00f5igi lillede valitsejaga. Koos loovad nad intrigeeriva sensoorse ballet\u2019i, p\u00f5imides v\u00fcrtse, puid, merevaiku, sandlipuud ja elavat kirge harmooniliseks s\u00fcmfooniaks.  <\/p>\n<p>Komplektis:<strong><br \/>\n<\/strong><\/p>\n<ul>\n<li>Aroomit\u00e4ide Refill 500 ml<\/li>\n<\/ul>\n","protected":false},"excerpt":{"rendered":"<p>Kirsi\u00f5ite Armastuse Lugu<\/p>\n<p>Parf\u00fc\u00fcm KERA praktilises t\u00e4itepakendis, mis on loodud sinu dekanteri ja pihusti t\u00e4iendamiseks.<\/p>\n","protected":false},"featured_media":13214,"template":"","meta":{"_acf_changed":false},"product_brand":[483],"product_cat":[245],"product_tag":[],"class_list":{"0":"post-15407","1":"product","2":"type-product","3":"status-publish","4":"has-post-thumbnail","6":"product_brand-danhera-et","7":"product_cat-kodulohnad","8":"nt-post-class","9":"","15":"first","16":"instock","17":"taxable","18":"shipping-taxable","19":"purchasable","20":"product-type-simple"},"acf":[],"_links":{"self":[{"href":"https:\/\/store.astieks.com\/et\/wp-json\/wp\/v2\/product\/15407","targetHints":{"allow":["GET"]}}],"collection":[{"href":"https:\/\/store.astieks.com\/et\/wp-json\/wp\/v2\/product"}],"about":[{"href":"https:\/\/store.astieks.com\/et\/wp-json\/wp\/v2\/types\/product"}],"version-history":[{"count":2,"href":"https:\/\/store.astieks.com\/et\/wp-json\/wp\/v2\/product\/15407\/revisions"}],"predecessor-version":[{"id":19157,"href":"https:\/\/store.astieks.com\/et\/wp-json\/wp\/v2\/product\/15407\/revisions\/19157"}],"wp:featuredmedia":[{"embeddable":true,"href":"https:\/\/store.astieks.com\/et\/wp-json\/wp\/v2\/media\/13214"}],"wp:attachment":[{"href":"https:\/\/store.astieks.com\/et\/wp-json\/wp\/v2\/media?parent=15407"}],"wp:term":[{"taxonomy":"product_brand","embeddable":true,"href":"https:\/\/store.astieks.com\/et\/wp-json\/wp\/v2\/product_brand?post=15407"},{"taxonomy":"product_cat","embeddable":true,"href":"https:\/\/store.astieks.com\/et\/wp-json\/wp\/v2\/product_cat?post=15407"},{"taxonomy":"product_tag","embeddable":true,"href":"https:\/\/store.astieks.com\/et\/wp-json\/wp\/v2\/product_tag?post=15407"}],"curies":[{"name":"wp","href":"https:\/\/api.w.org\/{rel}","templated":true}]}}