{"id":15404,"date":"2025-08-07T13:15:14","date_gmt":"2025-08-07T11:15:14","guid":{"rendered":"https:\/\/test.astieks.com\/product\/danhera-kera-decanter-medium\/"},"modified":"2025-09-15T13:21:43","modified_gmt":"2025-09-15T11:21:43","slug":"danhera-kera-decanter-medium","status":"publish","type":"product","link":"https:\/\/store.astieks.com\/et\/product\/danhera-kera-decanter-medium\/","title":{"rendered":"DANHERA KERA Aroomidiffusor Medium 250ml"},"content":{"rendered":"<p>Afrodite subliimne puuvili, kirsi\u00f5is, paljastab oma k\u00f5ige lummavama olemuse. See on r\u00e4nnak, mis j\u00e4lgib oma juuri iidsetesse K\u00e9rasosesse, kududes armastusloo, kus t\u00e4ies \u00f5ies kirsi\u00f5ite kirg ja v\u00f5lu \u00f5itsevad. <\/p>\n<p>KERA kehastab lopsaka, salap\u00e4rase aia olemust. Siin sulanduvad romantika ja iha lummava magnetismiga.<br \/>\nKERA on Paradiisi Vili, puhta naudingut s\u00fcmboliseeriv, kus igavene armastus leiab pelgupaiga puhta elegantsi atmosf\u00e4\u00e4ris.<br \/>\nRikkalik embus, mis on t\u00e4idetud k\u00fcpsete mustade kirsside l\u00f5hnaga, segunedes tuberoosiga \u2013 k\u00f5igi lillede valitsejaga. Koos loovad nad intrigeeriva sensoorse ballet\u2019i, p\u00f5imides v\u00fcrtse, puid, merevaiku, sandlipuud ja elavat kirge harmooniliseks s\u00fcmfooniaks.  <\/p>\n<p><strong>Komplektis:<\/strong><\/p>\n<ul>\n<li>Impero Aroomidiffusor 250 ml<\/li>\n<li>Mikrofiibrist pulgad aroomidifuusori jaoks<\/li>\n<li>Must kinkekarp<\/li>\n<li>Tootevoldik<\/li>\n<\/ul>\n","protected":false},"excerpt":{"rendered":"<p><strong>Kirsi\u00f5ite Armastuse Lugu<\/strong><\/p>\n<p>Parf\u00fc\u00fcm KERA ikoonilises keskformaadis dekanteris ja skulptuurkarbis, t\u00e4ielikult k\u00e4sitsi valmistatud. Hindamatu aare l\u00f5hnastatud emotsioonidest legendaarseks olfaktoriks. <\/p>\n","protected":false},"featured_media":13181,"template":"","meta":{"_acf_changed":false},"product_brand":[483],"product_cat":[253,245],"product_tag":[],"class_list":{"0":"post-15404","1":"product","2":"type-product","3":"status-publish","4":"has-post-thumbnail","6":"product_brand-danhera-et","7":"product_cat-difuuserid","8":"product_cat-kodulohnad","9":"nt-post-class","10":"","16":"first","17":"instock","18":"taxable","19":"shipping-taxable","20":"purchasable","21":"product-type-simple"},"acf":[],"_links":{"self":[{"href":"https:\/\/store.astieks.com\/et\/wp-json\/wp\/v2\/product\/15404","targetHints":{"allow":["GET"]}}],"collection":[{"href":"https:\/\/store.astieks.com\/et\/wp-json\/wp\/v2\/product"}],"about":[{"href":"https:\/\/store.astieks.com\/et\/wp-json\/wp\/v2\/types\/product"}],"version-history":[{"count":1,"href":"https:\/\/store.astieks.com\/et\/wp-json\/wp\/v2\/product\/15404\/revisions"}],"predecessor-version":[{"id":16615,"href":"https:\/\/store.astieks.com\/et\/wp-json\/wp\/v2\/product\/15404\/revisions\/16615"}],"wp:featuredmedia":[{"embeddable":true,"href":"https:\/\/store.astieks.com\/et\/wp-json\/wp\/v2\/media\/13181"}],"wp:attachment":[{"href":"https:\/\/store.astieks.com\/et\/wp-json\/wp\/v2\/media?parent=15404"}],"wp:term":[{"taxonomy":"product_brand","embeddable":true,"href":"https:\/\/store.astieks.com\/et\/wp-json\/wp\/v2\/product_brand?post=15404"},{"taxonomy":"product_cat","embeddable":true,"href":"https:\/\/store.astieks.com\/et\/wp-json\/wp\/v2\/product_cat?post=15404"},{"taxonomy":"product_tag","embeddable":true,"href":"https:\/\/store.astieks.com\/et\/wp-json\/wp\/v2\/product_tag?post=15404"}],"curies":[{"name":"wp","href":"https:\/\/api.w.org\/{rel}","templated":true}]}}