{"id":15402,"date":"2025-08-12T17:43:18","date_gmt":"2025-08-12T15:43:18","guid":{"rendered":"https:\/\/test.astieks.com\/product\/danhera-efesto-jewels-gold-24k-mod-500aenigma-500mlx2\/"},"modified":"2026-04-18T12:26:44","modified_gmt":"2026-04-18T10:26:44","slug":"danhera-efesto-jewels-gold-24k-mod-500aenigma-500mlx2","status":"publish","type":"product","link":"https:\/\/store.astieks.com\/et\/product\/danhera-efesto-jewels-gold-24k-mod-500aenigma-500mlx2\/","title":{"rendered":"DANHERA Efesto Jewels Gold 24K. mod.500+Aenigma 500ml"},"content":{"rendered":"<p>Legendaarseid l\u00f5hnaaineid sisaldav PreciousJewel-Decanter v\u00e4ljendab DANHERA stiili peent ja unikaalset olemust. Siin sulanduvad kuldkiired haruldaste k\u00e4sitsi sepistatud metallide ja autentsete Swarovski kristallidega. <\/p>\n<p>Unikaalne stiil, mis kehastab kogu DANHERA Maja peenet maitset ja selle k\u00e4sit\u00f6\u00f6meistrite oskusteavet.<\/p>\n","protected":false},"excerpt":{"rendered":"<p>Parf\u00fc\u00fcmikunst ja kullassepakunst sulavad kokku ajatu kire loos.<\/p>\n<p>Tule jumala k\u00f5ige hinnalisem Grid katab k\u00f5iki DANHERA legendaarseid l\u00f5hnaaineid. Valmistatud 24-karaadise kollase kullaga kaetud metallist. <\/p>\n<ul>\n<li>K\u00e4sit\u00f6\u00f6na valmistatud Itaalias<\/li>\n<li>Autentsussertifikaat<\/li>\n<\/ul>\n","protected":false},"featured_media":14054,"template":"","meta":{"_acf_changed":false},"product_brand":[483],"product_cat":[253,245],"product_tag":[],"class_list":{"0":"post-15402","1":"product","2":"type-product","3":"status-publish","4":"has-post-thumbnail","6":"product_brand-danhera-et","7":"product_cat-difuuserid","8":"product_cat-kodulohnad","9":"nt-post-class","10":"","16":"first","17":"instock","18":"taxable","19":"shipping-taxable","20":"purchasable","21":"product-type-simple"},"acf":[],"_links":{"self":[{"href":"https:\/\/store.astieks.com\/et\/wp-json\/wp\/v2\/product\/15402","targetHints":{"allow":["GET"]}}],"collection":[{"href":"https:\/\/store.astieks.com\/et\/wp-json\/wp\/v2\/product"}],"about":[{"href":"https:\/\/store.astieks.com\/et\/wp-json\/wp\/v2\/types\/product"}],"version-history":[{"count":1,"href":"https:\/\/store.astieks.com\/et\/wp-json\/wp\/v2\/product\/15402\/revisions"}],"predecessor-version":[{"id":19141,"href":"https:\/\/store.astieks.com\/et\/wp-json\/wp\/v2\/product\/15402\/revisions\/19141"}],"wp:featuredmedia":[{"embeddable":true,"href":"https:\/\/store.astieks.com\/et\/wp-json\/wp\/v2\/media\/14054"}],"wp:attachment":[{"href":"https:\/\/store.astieks.com\/et\/wp-json\/wp\/v2\/media?parent=15402"}],"wp:term":[{"taxonomy":"product_brand","embeddable":true,"href":"https:\/\/store.astieks.com\/et\/wp-json\/wp\/v2\/product_brand?post=15402"},{"taxonomy":"product_cat","embeddable":true,"href":"https:\/\/store.astieks.com\/et\/wp-json\/wp\/v2\/product_cat?post=15402"},{"taxonomy":"product_tag","embeddable":true,"href":"https:\/\/store.astieks.com\/et\/wp-json\/wp\/v2\/product_tag?post=15402"}],"curies":[{"name":"wp","href":"https:\/\/api.w.org\/{rel}","templated":true}]}}