{"id":15352,"date":"2025-08-12T16:44:15","date_gmt":"2025-08-12T14:44:15","guid":{"rendered":"https:\/\/test.astieks.com\/product\/danhera-efesto-jewels-gold-rose-mod-1000500-ml\/"},"modified":"2025-10-30T16:33:50","modified_gmt":"2025-10-30T14:33:50","slug":"danhera-efesto-jewels-gold-rose-mod-1000500-ml","status":"publish","type":"product","link":"https:\/\/store.astieks.com\/et\/product\/danhera-efesto-jewels-gold-rose-mod-1000500-ml\/","title":{"rendered":"DANHERA Efesto Jewels Gold Rose mod.500+Aenigma 500 ml"},"content":{"rendered":"<p>Hephaistos, seppade jumal, lonkav ja lohakas kunstnik, loob ilu v\u00e4\u00e4rismetallidega t\u00f6\u00f6tades oma koopalikes vabrikutes, s\u00fcgaval vulkaani sisemuses. Seal, kus kaljul\u00f5hedesse on peidetud s\u00e4ravad kalliskivid, leek m\u00f6llab kivide vahel ning varjud ja l\u00e4bikumad saavad metallitule leegis karastatud.<br \/>\nDANHERA Legendaarsetes Parf\u00fc\u00fcmides vallanduvad samad emotsioonid ja j\u00f5ud, mis on sepistatud Tulega Jumala skulptuuridesse. Ainulaadsust ja loomingulisust t\u00f5lgendab Danhera enneolematus surematuse loos.  <\/p>\n<p>Efesto Gold: Tulejumala k\u00f5ige kallim v\u00f5re \u00fcmbritseb Legendaarseid Parf\u00fc\u00fcme. Kaetud 24K kullaga. <\/p>\n<p>Gold Rose: Roosa kulla v\u00f5rgutavad varjundid p\u00f5imuvad v\u00e4\u00e4rtuslike essentsidega. Kaetud 24K roosa kullaga. <\/p>\n<p>Urban Black: Terase j\u00f5ud, mida embab musta saladus.<\/p>\n<p>L\u00f5hnap\u00fcramiid:<\/p>\n<p>Tipunoodid: Bulgaaria roos, gardeenia, tiigerliiliad, koirohi<br \/>\nS\u00fcdamenoodid: tubakas, nahk, must merevaik, oudi puit, ilang-ilang, intensiivsed v\u00fcrtsid, tonka uba<br \/>\nBaasnoodid: pat\u0161uli, must merevaik, muskuse noodid, vanillikaunad, ka\u0161miiripuu<\/p>\n<p>Parf\u00fc\u00fcmikunst ja kullassepakunst sulavad kokku ajatu kire loos.<\/p>\n<ul>\n<li>K\u00e4sit\u00f6\u00f6na valmistatud Itaalias<\/li>\n<li>Autentsussertifikaat<\/li>\n<\/ul>\n","protected":false},"excerpt":{"rendered":"<p>Parf\u00fc\u00fcmikunst ja kullassepakunst sulavad kokku ajatu kire loos.<\/p>\n<p>&nbsp;<\/p>\n<ul>\n<li>K\u00e4sit\u00f6\u00f6na valmistatud Itaalias<\/li>\n<li>Autentsussertifikaat<\/li>\n<\/ul>\n","protected":false},"featured_media":14048,"template":"","meta":{"_acf_changed":false},"product_brand":[483],"product_cat":[253,238,245],"product_tag":[],"class_list":{"0":"post-15352","1":"product","2":"type-product","3":"status-publish","4":"has-post-thumbnail","6":"product_brand-danhera-et","7":"product_cat-difuuserid","8":"product_cat-kodu-kaunistused","9":"product_cat-kodulohnad","10":"nt-post-class","11":"","17":"first","18":"instock","19":"taxable","20":"shipping-taxable","21":"purchasable","22":"product-type-simple"},"acf":[],"_links":{"self":[{"href":"https:\/\/store.astieks.com\/et\/wp-json\/wp\/v2\/product\/15352","targetHints":{"allow":["GET"]}}],"collection":[{"href":"https:\/\/store.astieks.com\/et\/wp-json\/wp\/v2\/product"}],"about":[{"href":"https:\/\/store.astieks.com\/et\/wp-json\/wp\/v2\/types\/product"}],"version-history":[{"count":1,"href":"https:\/\/store.astieks.com\/et\/wp-json\/wp\/v2\/product\/15352\/revisions"}],"predecessor-version":[{"id":19139,"href":"https:\/\/store.astieks.com\/et\/wp-json\/wp\/v2\/product\/15352\/revisions\/19139"}],"wp:featuredmedia":[{"embeddable":true,"href":"https:\/\/store.astieks.com\/et\/wp-json\/wp\/v2\/media\/14048"}],"wp:attachment":[{"href":"https:\/\/store.astieks.com\/et\/wp-json\/wp\/v2\/media?parent=15352"}],"wp:term":[{"taxonomy":"product_brand","embeddable":true,"href":"https:\/\/store.astieks.com\/et\/wp-json\/wp\/v2\/product_brand?post=15352"},{"taxonomy":"product_cat","embeddable":true,"href":"https:\/\/store.astieks.com\/et\/wp-json\/wp\/v2\/product_cat?post=15352"},{"taxonomy":"product_tag","embeddable":true,"href":"https:\/\/store.astieks.com\/et\/wp-json\/wp\/v2\/product_tag?post=15352"}],"curies":[{"name":"wp","href":"https:\/\/api.w.org\/{rel}","templated":true}]}}