{"id":15303,"date":"2025-08-08T12:12:14","date_gmt":"2025-08-08T10:12:14","guid":{"rendered":"https:\/\/test.astieks.com\/product\/danhera-aenigma-luxury-box\/"},"modified":"2025-10-30T16:44:48","modified_gmt":"2025-10-30T14:44:48","slug":"danhera-aenigma-luxury-box","status":"publish","type":"product","link":"https:\/\/store.astieks.com\/et\/product\/danhera-aenigma-luxury-box\/","title":{"rendered":"DANHERA AENIGMA Sprei eksklusiivses karbis 30 ml"},"content":{"rendered":"<p>Aenigma on varjatud t\u00f5dede l\u00f5hn, mis suudab inimestele ilmutada jumalate kodeeritud s\u00f5numeid. Haruldane multisensoorsete elamuste anagramm, milles hinnalised koostisosad loovad uue, vihjelise ja salap\u00e4rase lummuse. See parf\u00fc\u00fcm on saladuse l\u00f5hnaline kehastus \u2013 ainulaadne v\u00f5lu, mis tuleneb selle keerukuse rikkusest.  <\/p>\n<p>Loodud kasutades peeneid magusa tubaka, naha ja merevaigu sorte, \u00fcllatab see Bulgaaria roosi ja selle sametiste aktsentide m\u00e4nguga, gardeenia elegantsiga, musta merevaigu s\u00fcgavusega ja ka\u0161miiripuu voolava pehmusega.<\/p>\n<p>Armastus ja lummus viivad uute inspiratsioonideni<\/p>\n<p><strong>Komplektis:<\/strong><\/p>\n<ul>\n<li>AENIGMA Looduslik Sprei 30 ml<\/li>\n<li>Aroomikaart<\/li>\n<\/ul>\n","protected":false},"excerpt":{"rendered":"<p>Parf\u00fc\u00fcmipilved koos s\u00e4ravate kuldsete kaunistustega toovad meieni peene ja \u00fclimalt viimistletud l\u00f5hnanaudingu. Emotsioonideks, mida kogeda, kinkida ja kanda. Sinuga, \u00fcksk\u00f5ik kuhu sa l\u00e4hed. <\/p>\n","protected":false},"featured_media":13299,"template":"","meta":{"_acf_changed":false},"product_brand":[483],"product_cat":[245,257],"product_tag":[],"class_list":{"0":"post-15303","1":"product","2":"type-product","3":"status-publish","4":"has-post-thumbnail","6":"product_brand-danhera-et","7":"product_cat-kodulohnad","8":"product_cat-pihustid","9":"nt-post-class","10":"","16":"first","17":"instock","18":"taxable","19":"shipping-taxable","20":"purchasable","21":"product-type-simple"},"acf":[],"_links":{"self":[{"href":"https:\/\/store.astieks.com\/et\/wp-json\/wp\/v2\/product\/15303","targetHints":{"allow":["GET"]}}],"collection":[{"href":"https:\/\/store.astieks.com\/et\/wp-json\/wp\/v2\/product"}],"about":[{"href":"https:\/\/store.astieks.com\/et\/wp-json\/wp\/v2\/types\/product"}],"version-history":[{"count":1,"href":"https:\/\/store.astieks.com\/et\/wp-json\/wp\/v2\/product\/15303\/revisions"}],"predecessor-version":[{"id":15350,"href":"https:\/\/store.astieks.com\/et\/wp-json\/wp\/v2\/product\/15303\/revisions\/15350"}],"wp:featuredmedia":[{"embeddable":true,"href":"https:\/\/store.astieks.com\/et\/wp-json\/wp\/v2\/media\/13299"}],"wp:attachment":[{"href":"https:\/\/store.astieks.com\/et\/wp-json\/wp\/v2\/media?parent=15303"}],"wp:term":[{"taxonomy":"product_brand","embeddable":true,"href":"https:\/\/store.astieks.com\/et\/wp-json\/wp\/v2\/product_brand?post=15303"},{"taxonomy":"product_cat","embeddable":true,"href":"https:\/\/store.astieks.com\/et\/wp-json\/wp\/v2\/product_cat?post=15303"},{"taxonomy":"product_tag","embeddable":true,"href":"https:\/\/store.astieks.com\/et\/wp-json\/wp\/v2\/product_tag?post=15303"}],"curies":[{"name":"wp","href":"https:\/\/api.w.org\/{rel}","templated":true}]}}