{"id":15250,"date":"2025-08-08T11:20:40","date_gmt":"2025-08-08T09:20:40","guid":{"rendered":"https:\/\/test.astieks.com\/product\/danhera-aenigma-refill-500-ml\/"},"modified":"2025-08-25T13:11:58","modified_gmt":"2025-08-25T11:11:58","slug":"danhera-aenigma-refill-500-ml","status":"publish","type":"product","link":"https:\/\/store.astieks.com\/et\/product\/danhera-aenigma-refill-500-ml\/","title":{"rendered":"DANHERA AENIGMA Refill 500 ml"},"content":{"rendered":"<p>Aenigma on varjatud t\u00f5dede l\u00f5hn, mis suudab inimestele ilmutada jumalate kodeeritud s\u00f5numeid. Haruldane multisensoorsete elamuste anagramm, milles hinnalised koostisosad loovad uue, vihjelise ja salap\u00e4rase lummuse. See parf\u00fc\u00fcm on saladuse l\u00f5hnaline kehastus \u2013 ainulaadne v\u00f5lu, mis tuleneb selle keerukuse rikkusest.  <\/p>\n<p>Loodud kasutades peeneid magusa tubaka, naha ja merevaigu sorte, \u00fcllatab see Bulgaaria roosi ja selle sametiste aktsentide m\u00e4nguga, gardeenia elegantsiga, musta merevaigu s\u00fcgavusega ja ka\u0161miiripuu voolava pehmusega.<\/p>\n<p>Armastus ja lummus viivad uute inspiratsioonideni<\/p>\n<p>Komplektis:<strong><br \/>\n<\/strong><\/p>\n<ul>\n<li>Aroomit\u00e4ide Refill 500 ml<\/li>\n<\/ul>\n","protected":false},"excerpt":{"rendered":"<p>Varjatud t\u00f5dede l\u00f5hn<br \/>\nAENIGMA aroom maxi t\u00e4itepakendis, mis on loodud sinu dekanteri ja pihusti taseme taastamiseks.<\/p>\n","protected":false},"featured_media":13304,"template":"","meta":{"_acf_changed":false},"product_brand":[483],"product_cat":[253,245,257],"product_tag":[],"class_list":{"0":"post-15250","1":"product","2":"type-product","3":"status-publish","4":"has-post-thumbnail","6":"product_brand-danhera-et","7":"product_cat-difuuserid","8":"product_cat-kodulohnad","9":"product_cat-pihustid","10":"nt-post-class","11":"","17":"first","18":"instock","19":"taxable","20":"shipping-taxable","21":"purchasable","22":"product-type-simple"},"acf":[],"_links":{"self":[{"href":"https:\/\/store.astieks.com\/et\/wp-json\/wp\/v2\/product\/15250","targetHints":{"allow":["GET"]}}],"collection":[{"href":"https:\/\/store.astieks.com\/et\/wp-json\/wp\/v2\/product"}],"about":[{"href":"https:\/\/store.astieks.com\/et\/wp-json\/wp\/v2\/types\/product"}],"version-history":[{"count":1,"href":"https:\/\/store.astieks.com\/et\/wp-json\/wp\/v2\/product\/15250\/revisions"}],"predecessor-version":[{"id":15408,"href":"https:\/\/store.astieks.com\/et\/wp-json\/wp\/v2\/product\/15250\/revisions\/15408"}],"wp:featuredmedia":[{"embeddable":true,"href":"https:\/\/store.astieks.com\/et\/wp-json\/wp\/v2\/media\/13304"}],"wp:attachment":[{"href":"https:\/\/store.astieks.com\/et\/wp-json\/wp\/v2\/media?parent=15250"}],"wp:term":[{"taxonomy":"product_brand","embeddable":true,"href":"https:\/\/store.astieks.com\/et\/wp-json\/wp\/v2\/product_brand?post=15250"},{"taxonomy":"product_cat","embeddable":true,"href":"https:\/\/store.astieks.com\/et\/wp-json\/wp\/v2\/product_cat?post=15250"},{"taxonomy":"product_tag","embeddable":true,"href":"https:\/\/store.astieks.com\/et\/wp-json\/wp\/v2\/product_tag?post=15250"}],"curies":[{"name":"wp","href":"https:\/\/api.w.org\/{rel}","templated":true}]}}