{"id":14241,"date":"2025-08-08T10:53:05","date_gmt":"2025-08-08T08:53:05","guid":{"rendered":"https:\/\/test.astieks.com\/product\/danhera-aenigma-decanter-medium\/"},"modified":"2025-10-30T16:45:57","modified_gmt":"2025-10-30T14:45:57","slug":"danhera-aenigma-decanter-medium","status":"publish","type":"product","link":"https:\/\/store.astieks.com\/et\/product\/danhera-aenigma-decanter-medium\/","title":{"rendered":"DANHERA AENIGMA Aroomidiffusor Medium 250 ml"},"content":{"rendered":"<p>Aenigma on varjatud t\u00f5dede l\u00f5hn, mis suudab inimestele ilmutada jumalate kodeeritud s\u00f5numeid. Haruldane multisensoorsete elamuste anagramm, milles hinnalised koostisosad loovad uue, vihjelise ja salap\u00e4rase lummuse. See parf\u00fc\u00fcm on saladuse l\u00f5hnaline kehastus \u2013 ainulaadne v\u00f5lu, mis tuleneb selle keerukuse rikkusest.  <\/p>\n<p>Loodud kasutades peeneid magusa tubaka, naha ja merevaigu sorte, \u00fcllatab see Bulgaaria roosi ja selle sametiste aktsentide m\u00e4nguga, gardeenia elegantsiga, musta merevaigu s\u00fcgavusega ja ka\u0161miiripuu voolava pehmusega.<\/p>\n<p>Armastus ja lummus viivad uute inspiratsioonideni<\/p>\n<p><strong>Komplektis:<\/strong><\/p>\n<ul>\n<li>Impero Aroomidiffusor 250 ml<\/li>\n<li>Mikrofiibrist pulgad aroomidifuusori jaoks<\/li>\n<li>Must kinkekarp<\/li>\n<li>Tootevoldik<\/li>\n<\/ul>\n","protected":false},"excerpt":{"rendered":"<p><strong>Varjatud t\u00f5dele l\u00f5hn<\/strong><\/p>\n<p>Parf\u00fc\u00fcm AENIGMA ikoonilises Aroomidiffusor Medium pudelis ja k\u00e4sitsi valmistatud skulptuurikarbis. Hinnaline aare, mis k\u00e4tkeb endas legendaarse l\u00f5hnadisaini l\u00f5hnavaid emotsioone. <\/p>\n","protected":false},"featured_media":13249,"template":"","meta":{"_acf_changed":false},"product_brand":[483],"product_cat":[253,245],"product_tag":[],"class_list":{"0":"post-14241","1":"product","2":"type-product","3":"status-publish","4":"has-post-thumbnail","6":"product_brand-danhera-et","7":"product_cat-difuuserid","8":"product_cat-kodulohnad","9":"nt-post-class","10":"","16":"first","17":"instock","18":"taxable","19":"shipping-taxable","20":"purchasable","21":"product-type-simple"},"acf":[],"_links":{"self":[{"href":"https:\/\/store.astieks.com\/et\/wp-json\/wp\/v2\/product\/14241","targetHints":{"allow":["GET"]}}],"collection":[{"href":"https:\/\/store.astieks.com\/et\/wp-json\/wp\/v2\/product"}],"about":[{"href":"https:\/\/store.astieks.com\/et\/wp-json\/wp\/v2\/types\/product"}],"version-history":[{"count":1,"href":"https:\/\/store.astieks.com\/et\/wp-json\/wp\/v2\/product\/14241\/revisions"}],"predecessor-version":[{"id":15253,"href":"https:\/\/store.astieks.com\/et\/wp-json\/wp\/v2\/product\/14241\/revisions\/15253"}],"wp:featuredmedia":[{"embeddable":true,"href":"https:\/\/store.astieks.com\/et\/wp-json\/wp\/v2\/media\/13249"}],"wp:attachment":[{"href":"https:\/\/store.astieks.com\/et\/wp-json\/wp\/v2\/media?parent=14241"}],"wp:term":[{"taxonomy":"product_brand","embeddable":true,"href":"https:\/\/store.astieks.com\/et\/wp-json\/wp\/v2\/product_brand?post=14241"},{"taxonomy":"product_cat","embeddable":true,"href":"https:\/\/store.astieks.com\/et\/wp-json\/wp\/v2\/product_cat?post=14241"},{"taxonomy":"product_tag","embeddable":true,"href":"https:\/\/store.astieks.com\/et\/wp-json\/wp\/v2\/product_tag?post=14241"}],"curies":[{"name":"wp","href":"https:\/\/api.w.org\/{rel}","templated":true}]}}