{"id":14205,"date":"2025-08-12T11:54:20","date_gmt":"2025-08-12T09:54:20","guid":{"rendered":"https:\/\/test.astieks.com\/product\/danhera-soavia-decanter-magnum-1250-ml\/"},"modified":"2025-10-30T15:20:49","modified_gmt":"2025-10-30T13:20:49","slug":"danhera-soavia-decanter-magnum-1250-ml","status":"publish","type":"product","link":"https:\/\/store.astieks.com\/et\/product\/danhera-soavia-decanter-magnum-1250-ml\/","title":{"rendered":"DANHERA SOAVIA Aroomidiffusor Magnum 1250 ml"},"content":{"rendered":"<p>Igavesed Ol\u00fcmpose jumalannad tantsivad graatsiliselt Templite orus, s\u00e4ras ja hiilguses. V\u00e4rske s\u00fcdamega aroom sukeldub pehmemasse ambra\u2019sse.<br \/>\nL\u00f5hnam\u00e4lestus koidust, Looduse l\u00f5putust \u00f5ieilu rohkusest. Soavia on teekond taeva taha. P\u00e4ikeseline rada juhatab jumalanna HERA Vahemere imede juurde. See on see \u00f5rn, rahustav heli p\u00e4rast tormi.    <\/p>\n<p><strong>Komplektis:<\/strong><\/p>\n<ul>\n<li>Impero Aroomidiffusor 1250 ml<\/li>\n<li>Mikrofiibrist pulgad aroomidifuusori jaoks<\/li>\n<li>Prestige kinkekarp<\/li>\n<li>Tootevoldik<\/li>\n<\/ul>\n<p>&nbsp;<\/p>\n<p>&nbsp;<\/p>\n","protected":false},"excerpt":{"rendered":"<p>Parf\u00fc\u00fcm SOAVIA ikoonilises Decanter Magnum pudelis, et muuta sinu atmosf\u00e4\u00e4r sama hinnaliseks kui kunstiteosed. Erakordne l\u00f5hnadisaini loom\u00ading, mis kaunistab sinu maailma t\u00e4htsamaid paiku l\u00f5hnavate emotsioonidega. <\/p>\n","protected":false},"featured_media":13892,"template":"","meta":{"_acf_changed":false},"product_brand":[483],"product_cat":[253,245],"product_tag":[],"class_list":{"0":"post-14205","1":"product","2":"type-product","3":"status-publish","4":"has-post-thumbnail","6":"product_brand-danhera-et","7":"product_cat-difuuserid","8":"product_cat-kodulohnad","9":"nt-post-class","10":"","16":"first","17":"instock","18":"taxable","19":"shipping-taxable","20":"purchasable","21":"product-type-simple"},"acf":[],"_links":{"self":[{"href":"https:\/\/store.astieks.com\/et\/wp-json\/wp\/v2\/product\/14205","targetHints":{"allow":["GET"]}}],"collection":[{"href":"https:\/\/store.astieks.com\/et\/wp-json\/wp\/v2\/product"}],"about":[{"href":"https:\/\/store.astieks.com\/et\/wp-json\/wp\/v2\/types\/product"}],"version-history":[{"count":1,"href":"https:\/\/store.astieks.com\/et\/wp-json\/wp\/v2\/product\/14205\/revisions"}],"predecessor-version":[{"id":14215,"href":"https:\/\/store.astieks.com\/et\/wp-json\/wp\/v2\/product\/14205\/revisions\/14215"}],"wp:featuredmedia":[{"embeddable":true,"href":"https:\/\/store.astieks.com\/et\/wp-json\/wp\/v2\/media\/13892"}],"wp:attachment":[{"href":"https:\/\/store.astieks.com\/et\/wp-json\/wp\/v2\/media?parent=14205"}],"wp:term":[{"taxonomy":"product_brand","embeddable":true,"href":"https:\/\/store.astieks.com\/et\/wp-json\/wp\/v2\/product_brand?post=14205"},{"taxonomy":"product_cat","embeddable":true,"href":"https:\/\/store.astieks.com\/et\/wp-json\/wp\/v2\/product_cat?post=14205"},{"taxonomy":"product_tag","embeddable":true,"href":"https:\/\/store.astieks.com\/et\/wp-json\/wp\/v2\/product_tag?post=14205"}],"curies":[{"name":"wp","href":"https:\/\/api.w.org\/{rel}","templated":true}]}}