{"id":14201,"date":"2025-08-12T11:18:16","date_gmt":"2025-08-12T09:18:16","guid":{"rendered":"https:\/\/test.astieks.com\/product\/danhera-soavia-decanter-mini-125-ml\/"},"modified":"2025-10-30T16:38:53","modified_gmt":"2025-10-30T14:38:53","slug":"danhera-soavia-decanter-medium-250-ml","status":"publish","type":"product","link":"https:\/\/store.astieks.com\/et\/product\/danhera-soavia-decanter-medium-250-ml\/","title":{"rendered":"DANHERA SOAVIA Aroomidiffusor Medium 250 ml"},"content":{"rendered":"<p>Parf\u00fc\u00fcm SOAVIA keskmises dekantris \u2013 sinu teekonna algus DANHERA legendaarsete parf\u00fc\u00fcmide maailma. Peen l\u00f5hnaelamus, mida imetleda, armastada ja kinkida. <\/p>\n<p>&nbsp;<\/p>\n<p>&nbsp;<\/p>\n","protected":false},"excerpt":{"rendered":"<p>Igavesed Ol\u00fcmpose jumalannad tantsivad graatsiliselt Templite orus, s\u00e4ras ja hiilguses. V\u00e4rske s\u00fcdamega aroom sukeldub pehmemasse ambra\u2019sse.<br \/>\nL\u00f5hnam\u00e4lestus koidust, Looduse l\u00f5putust \u00f5ieilu rohkusest. Soavia on teekond taeva taha. P\u00e4ikeseline rada juhatab jumalanna HERA Vahemere imede juurde. See on see \u00f5rn, rahustav heli p\u00e4rast tormi.    <\/p>\n<p><strong>Komplektis:<\/strong><\/p>\n<ul>\n<li style=\"list-style-type: none;\">\n<ul>\n<li>Impero Aroomidiffusor 250 ml<\/li>\n<li>Mikrofiibrist pulgad aroomidifuusori jaoks<\/li>\n<li>Prestige kinkekarp<\/li>\n<li>Tootevoldik<\/li>\n<\/ul>\n<\/li>\n<\/ul>\n","protected":false},"featured_media":13860,"template":"","meta":{"_acf_changed":false},"product_brand":[483],"product_cat":[253,245],"product_tag":[],"class_list":{"0":"post-14201","1":"product","2":"type-product","3":"status-publish","4":"has-post-thumbnail","6":"product_brand-danhera-et","7":"product_cat-difuuserid","8":"product_cat-kodulohnad","9":"nt-post-class","10":"","16":"first","17":"instock","18":"taxable","19":"shipping-taxable","20":"purchasable","21":"product-type-simple"},"acf":[],"_links":{"self":[{"href":"https:\/\/store.astieks.com\/et\/wp-json\/wp\/v2\/product\/14201","targetHints":{"allow":["GET"]}}],"collection":[{"href":"https:\/\/store.astieks.com\/et\/wp-json\/wp\/v2\/product"}],"about":[{"href":"https:\/\/store.astieks.com\/et\/wp-json\/wp\/v2\/types\/product"}],"version-history":[{"count":2,"href":"https:\/\/store.astieks.com\/et\/wp-json\/wp\/v2\/product\/14201\/revisions"}],"predecessor-version":[{"id":15449,"href":"https:\/\/store.astieks.com\/et\/wp-json\/wp\/v2\/product\/14201\/revisions\/15449"}],"wp:featuredmedia":[{"embeddable":true,"href":"https:\/\/store.astieks.com\/et\/wp-json\/wp\/v2\/media\/13860"}],"wp:attachment":[{"href":"https:\/\/store.astieks.com\/et\/wp-json\/wp\/v2\/media?parent=14201"}],"wp:term":[{"taxonomy":"product_brand","embeddable":true,"href":"https:\/\/store.astieks.com\/et\/wp-json\/wp\/v2\/product_brand?post=14201"},{"taxonomy":"product_cat","embeddable":true,"href":"https:\/\/store.astieks.com\/et\/wp-json\/wp\/v2\/product_cat?post=14201"},{"taxonomy":"product_tag","embeddable":true,"href":"https:\/\/store.astieks.com\/et\/wp-json\/wp\/v2\/product_tag?post=14201"}],"curies":[{"name":"wp","href":"https:\/\/api.w.org\/{rel}","templated":true}]}}