{"id":14198,"date":"2025-08-12T11:36:21","date_gmt":"2025-08-12T09:36:21","guid":{"rendered":"https:\/\/test.astieks.com\/product\/danhera-soavia-decanter-premium-500-ml\/"},"modified":"2025-10-30T16:38:43","modified_gmt":"2025-10-30T14:38:43","slug":"danhera-soavia-decanter-premium-500-ml","status":"publish","type":"product","link":"https:\/\/store.astieks.com\/et\/product\/danhera-soavia-decanter-premium-500-ml\/","title":{"rendered":"DANHERA SOAVIA Aroomidiffusor Premium 500 ml"},"content":{"rendered":"<p>&nbsp;<\/p>\n<p>Igavesed Ol\u00fcmpose jumalannad tantsivad graatsiliselt Templite orus, s\u00e4ras ja hiilguses. V\u00e4rskuse s\u00fcda sukeldub k\u00f5ige pehmemasse merevaiku. <\/p>\n<p>L\u00f5hnam\u00e4lestus koidust, looduse piiritust \u00f5itsengust. Soavia on teekond taeva taha. P\u00e4ikeseline rada juhatab jumalanna HERA Vahemere imede juurde. See on see \u00f5rn, rahustav heli p\u00e4rast tormi.   <\/p>\n<p><strong>Komplektis:<\/strong><\/p>\n<ul>\n<li>\n<ul>\n<li>Impero Aroomidiffusor 500 ml<\/li>\n<li>Mikrofiibrist pulgad aroomidifuusori jaoks<\/li>\n<li>Valge skulptuurikarp<\/li>\n<li>Tootevoldik<\/li>\n<\/ul>\n<\/li>\n<\/ul>\n<p>&nbsp;<\/p>\n<p>&nbsp;<\/p>\n","protected":false},"excerpt":{"rendered":"<p>Parf\u00fc\u00fcm SOAVIA ikoonilises Premium dekantris ja t\u00e4ielikult k\u00e4sit\u00f6\u00f6na valminud skulptuurkarbis \u2013 v\u00e4\u00e4rtuslik aare legendaarse l\u00f5hnadekori jaoks. <\/p>\n","protected":false},"featured_media":13871,"template":"","meta":{"_acf_changed":false},"product_brand":[483],"product_cat":[253,245],"product_tag":[],"class_list":{"0":"post-14198","1":"product","2":"type-product","3":"status-publish","4":"has-post-thumbnail","6":"product_brand-danhera-et","7":"product_cat-difuuserid","8":"product_cat-kodulohnad","9":"nt-post-class","10":"","16":"first","17":"instock","18":"taxable","19":"shipping-taxable","20":"purchasable","21":"product-type-simple"},"acf":[],"_links":{"self":[{"href":"https:\/\/store.astieks.com\/et\/wp-json\/wp\/v2\/product\/14198","targetHints":{"allow":["GET"]}}],"collection":[{"href":"https:\/\/store.astieks.com\/et\/wp-json\/wp\/v2\/product"}],"about":[{"href":"https:\/\/store.astieks.com\/et\/wp-json\/wp\/v2\/types\/product"}],"version-history":[{"count":2,"href":"https:\/\/store.astieks.com\/et\/wp-json\/wp\/v2\/product\/14198\/revisions"}],"predecessor-version":[{"id":19143,"href":"https:\/\/store.astieks.com\/et\/wp-json\/wp\/v2\/product\/14198\/revisions\/19143"}],"wp:featuredmedia":[{"embeddable":true,"href":"https:\/\/store.astieks.com\/et\/wp-json\/wp\/v2\/media\/13871"}],"wp:attachment":[{"href":"https:\/\/store.astieks.com\/et\/wp-json\/wp\/v2\/media?parent=14198"}],"wp:term":[{"taxonomy":"product_brand","embeddable":true,"href":"https:\/\/store.astieks.com\/et\/wp-json\/wp\/v2\/product_brand?post=14198"},{"taxonomy":"product_cat","embeddable":true,"href":"https:\/\/store.astieks.com\/et\/wp-json\/wp\/v2\/product_cat?post=14198"},{"taxonomy":"product_tag","embeddable":true,"href":"https:\/\/store.astieks.com\/et\/wp-json\/wp\/v2\/product_tag?post=14198"}],"curies":[{"name":"wp","href":"https:\/\/api.w.org\/{rel}","templated":true}]}}