{"id":14147,"date":"2025-08-14T10:56:29","date_gmt":"2025-08-14T08:56:29","guid":{"rendered":"https:\/\/test.astieks.com\/?post_type=product&#038;p=14147"},"modified":"2025-10-30T16:33:28","modified_gmt":"2025-10-30T14:33:28","slug":"danhera-maeve-decanter-mini-125-ml","status":"publish","type":"product","link":"https:\/\/store.astieks.com\/et\/product\/danhera-maeve-decanter-mini-125-ml\/","title":{"rendered":"DANHERA MAEVE Aroomidiffusor Mini 125 ml"},"content":{"rendered":"<p>Seal, kus maa kohtub taevaga.Seal, kus noored haldjad end peidavad ja k\u00f5ik on v\u00f5imalik.<\/p>\n<p>MAEVE on naisenimi keldi p\u00e4ritolu. Nartsissid, sirelid ja v\u00e4\u00e4rikad puidunoodid on inspireeritud Mont Blanci majesteetlikkusest ning Emakese Maa loovast j\u00f5ust.<br \/><!-- -->MAEVE t\u00e4hendab patoa keeles \u201cminu vesi\u201d. See k\u00e4tkeb endas ja samas paljastab kristallselgete ojade vankumatut j\u00f5udu.<x id=\"gid_1\"><\/x>MAEVE on haldjate kuninganna. See on v\u00f5lu maagilisest maailmast, mis koosneb puutumatutest maastikest, muinasjutulossidest ja kristallselgest veest.   <\/p>\n<p><strong>Komplektis:<\/strong><\/p>\n<ul>\n<li style=\"list-style-type: none;\">\n<ul>\n<li>Impero Aroomidiffusor125 ml<\/li>\n<li>Mikrofiibrist pulgad aroomidifuusori jaoks<\/li>\n<li>Prestige kinkekarp<\/li>\n<li>Tootevoldik<\/li>\n<\/ul>\n<\/li>\n<\/ul>\n","protected":false},"excerpt":{"rendered":"<p>MAEVE Aroomidiffusor mini pudelis \u2014 sinu esimene samm teekonnal DANHERA legendaarsete parf\u00fc\u00fcmide maailma. Hoolikalt loodud l\u00f5hnap\u00fcramiid p\u00fcramiid, mida imetleda, armastada ja kinkida. <\/p>\n","protected":false},"featured_media":14157,"template":"","meta":{"_acf_changed":false},"product_brand":[483],"product_cat":[253,245],"product_tag":[],"class_list":{"0":"post-14147","1":"product","2":"type-product","3":"status-publish","4":"has-post-thumbnail","6":"product_brand-danhera-et","7":"product_cat-difuuserid","8":"product_cat-kodulohnad","9":"nt-post-class","10":"","16":"first","17":"instock","18":"taxable","19":"shipping-taxable","20":"purchasable","21":"product-type-simple"},"acf":[],"_links":{"self":[{"href":"https:\/\/store.astieks.com\/et\/wp-json\/wp\/v2\/product\/14147","targetHints":{"allow":["GET"]}}],"collection":[{"href":"https:\/\/store.astieks.com\/et\/wp-json\/wp\/v2\/product"}],"about":[{"href":"https:\/\/store.astieks.com\/et\/wp-json\/wp\/v2\/types\/product"}],"version-history":[{"count":4,"href":"https:\/\/store.astieks.com\/et\/wp-json\/wp\/v2\/product\/14147\/revisions"}],"predecessor-version":[{"id":19138,"href":"https:\/\/store.astieks.com\/et\/wp-json\/wp\/v2\/product\/14147\/revisions\/19138"}],"wp:featuredmedia":[{"embeddable":true,"href":"https:\/\/store.astieks.com\/et\/wp-json\/wp\/v2\/media\/14157"}],"wp:attachment":[{"href":"https:\/\/store.astieks.com\/et\/wp-json\/wp\/v2\/media?parent=14147"}],"wp:term":[{"taxonomy":"product_brand","embeddable":true,"href":"https:\/\/store.astieks.com\/et\/wp-json\/wp\/v2\/product_brand?post=14147"},{"taxonomy":"product_cat","embeddable":true,"href":"https:\/\/store.astieks.com\/et\/wp-json\/wp\/v2\/product_cat?post=14147"},{"taxonomy":"product_tag","embeddable":true,"href":"https:\/\/store.astieks.com\/et\/wp-json\/wp\/v2\/product_tag?post=14147"}],"curies":[{"name":"wp","href":"https:\/\/api.w.org\/{rel}","templated":true}]}}