{"id":14141,"date":"2025-08-11T17:18:52","date_gmt":"2025-08-11T15:18:52","guid":{"rendered":"https:\/\/test.astieks.com\/product\/danhera-soiree-decanter-mini-125-ml\/"},"modified":"2025-09-02T15:16:21","modified_gmt":"2025-09-02T13:16:21","slug":"danhera-soiree-decanter-mini-125-ml","status":"publish","type":"product","link":"https:\/\/store.astieks.com\/et\/product\/danhera-soiree-decanter-mini-125-ml\/","title":{"rendered":"DANHERA SOIR\u00c9E Aroomidiffusor Mini 125 ml"},"content":{"rendered":"<p>SOIR\u00c9E Aroomidiffusor Mini pudelis \u2014 sinu esimene samm teekonnal DANHERA legendaarsete parf\u00fc\u00fcmide maailma. Hoolikalt loodud olfaktoorne p\u00fcramiid, mida imetleda, armastada ja kinkida. <\/p>\n","protected":false},"excerpt":{"rendered":"<p>M\u00f5tlikud \u00d5htup\u00f5ime atmosf\u00e4\u00e4rid \u2014 kujuteldav lava, kus improvisatsioon juhib loomist. M\u00fcstiline m\u00f5\u00f5de, kus parf\u00fc\u00fcm muutub muusikaks ja loob l\u00f5putuid modulatsioone.<br \/>\nSoir\u00e9e on l\u00f5hnap\u00fcramiidiga teos, milles ruum kaob, et v\u00f5imendada tajumist. V\u00e4\u00e4rikad, \u00fcllad puidunoodid ja v\u00e4rsked tsitruselised loovad uusi meloodiaid.  <\/p>\n<p>Stseen intensiivsetest n\u00fcanssidest, kus Rossini ooperite kuulsaimad tegelased t\u00e4histavad seni avastamata meeltekompositsiooni.<\/p>\n<p><strong>Komplektis:<\/strong><\/p>\n<ul>\n<li style=\"list-style-type: none;\">\n<ul>\n<li>Impero Aroomidiffusor125 ml<\/li>\n<li>Mikrofiibrist pulgad aroomidifuusori jaoks<\/li>\n<li>kinkekarp<\/li>\n<li>Tootevoldik<\/li>\n<\/ul>\n<\/li>\n<\/ul>\n","protected":false},"featured_media":13782,"template":"","meta":{"_acf_changed":false},"product_brand":[483],"product_cat":[253,245],"product_tag":[],"class_list":{"0":"post-14141","1":"product","2":"type-product","3":"status-publish","4":"has-post-thumbnail","6":"product_brand-danhera-et","7":"product_cat-difuuserid","8":"product_cat-kodulohnad","9":"nt-post-class","10":"","16":"first","17":"instock","18":"taxable","19":"shipping-taxable","20":"purchasable","21":"product-type-simple"},"acf":[],"_links":{"self":[{"href":"https:\/\/store.astieks.com\/et\/wp-json\/wp\/v2\/product\/14141","targetHints":{"allow":["GET"]}}],"collection":[{"href":"https:\/\/store.astieks.com\/et\/wp-json\/wp\/v2\/product"}],"about":[{"href":"https:\/\/store.astieks.com\/et\/wp-json\/wp\/v2\/types\/product"}],"version-history":[{"count":1,"href":"https:\/\/store.astieks.com\/et\/wp-json\/wp\/v2\/product\/14141\/revisions"}],"predecessor-version":[{"id":14399,"href":"https:\/\/store.astieks.com\/et\/wp-json\/wp\/v2\/product\/14141\/revisions\/14399"}],"wp:featuredmedia":[{"embeddable":true,"href":"https:\/\/store.astieks.com\/et\/wp-json\/wp\/v2\/media\/13782"}],"wp:attachment":[{"href":"https:\/\/store.astieks.com\/et\/wp-json\/wp\/v2\/media?parent=14141"}],"wp:term":[{"taxonomy":"product_brand","embeddable":true,"href":"https:\/\/store.astieks.com\/et\/wp-json\/wp\/v2\/product_brand?post=14141"},{"taxonomy":"product_cat","embeddable":true,"href":"https:\/\/store.astieks.com\/et\/wp-json\/wp\/v2\/product_cat?post=14141"},{"taxonomy":"product_tag","embeddable":true,"href":"https:\/\/store.astieks.com\/et\/wp-json\/wp\/v2\/product_tag?post=14141"}],"curies":[{"name":"wp","href":"https:\/\/api.w.org\/{rel}","templated":true}]}}