{"id":14137,"date":"2025-08-11T17:40:26","date_gmt":"2025-08-11T15:40:26","guid":{"rendered":"https:\/\/test.astieks.com\/product\/danhera-soiree-decanter-medium-250-ml\/"},"modified":"2025-10-13T14:43:10","modified_gmt":"2025-10-13T12:43:10","slug":"danhera-soiree-decanter-medium-250-ml","status":"publish","type":"product","link":"https:\/\/store.astieks.com\/et\/product\/danhera-soiree-decanter-medium-250-ml\/","title":{"rendered":"DANHERA SOIR\u00c9E Aroomidiffusor Medium 250 ml"},"content":{"rendered":"<p>M\u00f5tlikud \u00d5htup\u00f5ime atmosf\u00e4\u00e4rid \u2014 kujuteldav lava, kus improvisatsioon juhib loomist. M\u00fcstiline m\u00f5\u00f5de, kus parf\u00fc\u00fcm muutub muusikaks ja loob l\u00f5putuid modulatsioone.<x id=\"gid_0\"><\/x>Soir\u00e9e on l\u00f5hnap\u00fcramiidiga teos, milles ruum kaob, et v\u00f5imendada tajumist. V\u00e4\u00e4rikad, \u00fcllad puidunoodid ja v\u00e4rsked tsitruselised loovad uusi meloodiaid.  <\/p>\n<p>Stseen intensiivsetest n\u00fcanssidest, kus Rossini ooperite kuulsaimad tegelased t\u00e4histavad seni avastamata meeltekompositsiooni.<\/p>\n<p><strong>Komplektis:<\/strong><\/p>\n<ul>\n<li style=\"list-style-type: none;\">\n<ul>\n<li>Impero Aroomidiffusor 250 ml<\/li>\n<li>Mikrofiibrist pulgad aroomidifuusori jaoks<\/li>\n<li>Valge skulptuurikarp<\/li>\n<\/ul>\n<\/li>\n<\/ul>\n","protected":false},"excerpt":{"rendered":"<p>Parf\u00fc\u00fcm SOIR\u00c9E ikoonilises Decanter Premium pudelis ja k\u00e4sitsi valmistatud skulptuurikarbis. Hinnaline aare, mis k\u00e4tkeb endas legendaarse l\u00f5hnadisaini l\u00f5hnavaid emotsioone. <\/p>\n","protected":false},"featured_media":13806,"template":"","meta":{"_acf_changed":false},"product_brand":[483],"product_cat":[253,245],"product_tag":[],"class_list":{"0":"post-14137","1":"product","2":"type-product","3":"status-publish","4":"has-post-thumbnail","6":"product_brand-danhera-et","7":"product_cat-difuuserid","8":"product_cat-kodulohnad","9":"nt-post-class","10":"","16":"first","17":"instock","18":"taxable","19":"shipping-taxable","20":"purchasable","21":"product-type-simple"},"acf":[],"_links":{"self":[{"href":"https:\/\/store.astieks.com\/et\/wp-json\/wp\/v2\/product\/14137","targetHints":{"allow":["GET"]}}],"collection":[{"href":"https:\/\/store.astieks.com\/et\/wp-json\/wp\/v2\/product"}],"about":[{"href":"https:\/\/store.astieks.com\/et\/wp-json\/wp\/v2\/types\/product"}],"version-history":[{"count":1,"href":"https:\/\/store.astieks.com\/et\/wp-json\/wp\/v2\/product\/14137\/revisions"}],"predecessor-version":[{"id":18938,"href":"https:\/\/store.astieks.com\/et\/wp-json\/wp\/v2\/product\/14137\/revisions\/18938"}],"wp:featuredmedia":[{"embeddable":true,"href":"https:\/\/store.astieks.com\/et\/wp-json\/wp\/v2\/media\/13806"}],"wp:attachment":[{"href":"https:\/\/store.astieks.com\/et\/wp-json\/wp\/v2\/media?parent=14137"}],"wp:term":[{"taxonomy":"product_brand","embeddable":true,"href":"https:\/\/store.astieks.com\/et\/wp-json\/wp\/v2\/product_brand?post=14137"},{"taxonomy":"product_cat","embeddable":true,"href":"https:\/\/store.astieks.com\/et\/wp-json\/wp\/v2\/product_cat?post=14137"},{"taxonomy":"product_tag","embeddable":true,"href":"https:\/\/store.astieks.com\/et\/wp-json\/wp\/v2\/product_tag?post=14137"}],"curies":[{"name":"wp","href":"https:\/\/api.w.org\/{rel}","templated":true}]}}