{"id":14131,"date":"2025-08-12T13:39:14","date_gmt":"2025-08-12T11:39:14","guid":{"rendered":"https:\/\/test.astieks.com\/product\/danhera-maeve-natural-spray-100-ml\/"},"modified":"2025-10-30T15:39:21","modified_gmt":"2025-10-30T13:39:21","slug":"danhera-maeve-natural-spray-100-ml","status":"publish","type":"product","link":"https:\/\/store.astieks.com\/et\/product\/danhera-maeve-natural-spray-100-ml\/","title":{"rendered":"DANHERA MAEVE Looduslik Sprei 100 ml"},"content":{"rendered":"<p>Seal, kus maa kohtub taevaga. Seal, kus noored haldjad end peidavad ja k\u00f5ik on v\u00f5imalik. Selles p\u00fchas imede paigas s\u00fcndis MAEVE \u2013 l\u00f5hn, mis kannab endas Elulille v\u00e4ge.  <\/p>\n<p>MAEVE on naisenimi keldi p\u00e4ritolu. Nartsissid, sirelid ja v\u00e4\u00e4rikad puidunoodid on inspireeritud Mont Blanci majesteetlikkusest ning Emakese Maa loovast j\u00f5ust.<x id=\"gid_0\"><\/x>MAEVE t\u00e4hendab patoa keeles \u201cminu vesi\u201d. See k\u00e4tkeb endas ja samas paljastab kristallselgete ojade vankumatut j\u00f5udu.<x id=\"gid_1\"><\/x>MAEVE on haldjate kuninganna. See on v\u00f5lu maagilisest maailmast, mis koosneb puutumatutest maastikest, muinasjutulossidest ja kristallselgest veest.   <\/p>\n<p><strong>Komplektis:<\/strong><\/p>\n<ul>\n<li>Parf\u00fc\u00fcmisprei klaaspudelis<\/li>\n<li>Karp<\/li>\n<\/ul>\n","protected":false},"excerpt":{"rendered":"<p>Parf\u00fc\u00fcm MAEVE praktilises taaskasutatavas spreivormingus, loodud selleks, et seda kogeda, kanda ja hinnata.<br \/>\nSinuga, \u00fcksk\u00f5ik kuhu sa l\u00e4hed.<\/p>\n","protected":false},"featured_media":13959,"template":"","meta":{"_acf_changed":false},"product_brand":[483],"product_cat":[245,257],"product_tag":[],"class_list":{"0":"post-14131","1":"product","2":"type-product","3":"status-publish","4":"has-post-thumbnail","6":"product_brand-danhera-et","7":"product_cat-kodulohnad","8":"product_cat-pihustid","9":"nt-post-class","10":"","16":"first","17":"instock","18":"taxable","19":"shipping-taxable","20":"purchasable","21":"product-type-simple"},"acf":[],"_links":{"self":[{"href":"https:\/\/store.astieks.com\/et\/wp-json\/wp\/v2\/product\/14131","targetHints":{"allow":["GET"]}}],"collection":[{"href":"https:\/\/store.astieks.com\/et\/wp-json\/wp\/v2\/product"}],"about":[{"href":"https:\/\/store.astieks.com\/et\/wp-json\/wp\/v2\/types\/product"}],"version-history":[{"count":3,"href":"https:\/\/store.astieks.com\/et\/wp-json\/wp\/v2\/product\/14131\/revisions"}],"predecessor-version":[{"id":19123,"href":"https:\/\/store.astieks.com\/et\/wp-json\/wp\/v2\/product\/14131\/revisions\/19123"}],"wp:featuredmedia":[{"embeddable":true,"href":"https:\/\/store.astieks.com\/et\/wp-json\/wp\/v2\/media\/13959"}],"wp:attachment":[{"href":"https:\/\/store.astieks.com\/et\/wp-json\/wp\/v2\/media?parent=14131"}],"wp:term":[{"taxonomy":"product_brand","embeddable":true,"href":"https:\/\/store.astieks.com\/et\/wp-json\/wp\/v2\/product_brand?post=14131"},{"taxonomy":"product_cat","embeddable":true,"href":"https:\/\/store.astieks.com\/et\/wp-json\/wp\/v2\/product_cat?post=14131"},{"taxonomy":"product_tag","embeddable":true,"href":"https:\/\/store.astieks.com\/et\/wp-json\/wp\/v2\/product_tag?post=14131"}],"curies":[{"name":"wp","href":"https:\/\/api.w.org\/{rel}","templated":true}]}}