{"id":14129,"date":"2025-08-12T13:45:04","date_gmt":"2025-08-12T11:45:04","guid":{"rendered":"https:\/\/test.astieks.com\/product\/danhera-maeve-decanter-medium-250ml\/"},"modified":"2025-10-30T15:23:23","modified_gmt":"2025-10-30T13:23:23","slug":"danhera-maeve-decanter-medium-250ml","status":"publish","type":"product","link":"https:\/\/store.astieks.com\/et\/product\/danhera-maeve-decanter-medium-250ml\/","title":{"rendered":"DANHERA MAEVE Aroomidiffusor Medium 250ml"},"content":{"rendered":"<p>Jumalanna HERA jutustab Elu algustest, puhtuse l\u00f5hnalist emotsiooni, vaba \u00f5uem\u00e4ngude r\u00f5\u00f5mu ja jumalate magusat nektarit.<br \/>\nS\u00fc\u00fctu unen\u00e4gu, mida l\u00e4bivad sametised l\u00f5hnavarjundid. Talla pehmus kutsub esile hoolivad embused, unustamatud p\u00e4evad s\u00fcdames, hetked muretusest, armastusest ja \u00f5nnest. \u00d5rnad ja delikaatsed n\u00fcansid, mis annavad l\u00f5putu peenuse puudutuse maagilises talki, rohelise tee ja pehme merevaigu koosluses, mis hellitab ja harmoniseerib. Aeg voolab ja loob puhast luulet.   <\/p>\n<p><strong>Komplektis:<\/strong><\/p>\n<ul>\n<li style=\"list-style-type: none;\">\n<ul>\n<li>Impero Aroomidiffusor 250 ml<\/li>\n<li>Mikrofiibrist pulgad aroomidifuusori jaoks<\/li>\n<li>Valge skulptuurikarp<\/li>\n<li>Tootevoldik<\/li>\n<\/ul>\n<\/li>\n<\/ul>\n","protected":false},"excerpt":{"rendered":"<p>Parf\u00fc\u00fcm MAEVE ikoonilises Decanter Premium pudelis ja k\u00e4sitsi valmistatud skulptuurikarbis. Hinnaline aare, mis k\u00e4tkeb endas legendaarse l\u00f5hnadisaini l\u00f5hnavaid emotsioone. <\/p>\n","protected":false},"featured_media":13973,"template":"","meta":{"_acf_changed":false},"product_brand":[483],"product_cat":[253,245],"product_tag":[],"class_list":{"0":"post-14129","1":"product","2":"type-product","3":"status-publish","4":"has-post-thumbnail","6":"product_brand-danhera-et","7":"product_cat-difuuserid","8":"product_cat-kodulohnad","9":"nt-post-class","10":"","16":"first","17":"instock","18":"taxable","19":"shipping-taxable","20":"purchasable","21":"product-type-simple"},"acf":[],"_links":{"self":[{"href":"https:\/\/store.astieks.com\/et\/wp-json\/wp\/v2\/product\/14129","targetHints":{"allow":["GET"]}}],"collection":[{"href":"https:\/\/store.astieks.com\/et\/wp-json\/wp\/v2\/product"}],"about":[{"href":"https:\/\/store.astieks.com\/et\/wp-json\/wp\/v2\/types\/product"}],"version-history":[{"count":1,"href":"https:\/\/store.astieks.com\/et\/wp-json\/wp\/v2\/product\/14129\/revisions"}],"predecessor-version":[{"id":14202,"href":"https:\/\/store.astieks.com\/et\/wp-json\/wp\/v2\/product\/14129\/revisions\/14202"}],"wp:featuredmedia":[{"embeddable":true,"href":"https:\/\/store.astieks.com\/et\/wp-json\/wp\/v2\/media\/13973"}],"wp:attachment":[{"href":"https:\/\/store.astieks.com\/et\/wp-json\/wp\/v2\/media?parent=14129"}],"wp:term":[{"taxonomy":"product_brand","embeddable":true,"href":"https:\/\/store.astieks.com\/et\/wp-json\/wp\/v2\/product_brand?post=14129"},{"taxonomy":"product_cat","embeddable":true,"href":"https:\/\/store.astieks.com\/et\/wp-json\/wp\/v2\/product_cat?post=14129"},{"taxonomy":"product_tag","embeddable":true,"href":"https:\/\/store.astieks.com\/et\/wp-json\/wp\/v2\/product_tag?post=14129"}],"curies":[{"name":"wp","href":"https:\/\/api.w.org\/{rel}","templated":true}]}}