{"id":14127,"date":"2025-08-12T14:25:52","date_gmt":"2025-08-12T12:25:52","guid":{"rendered":"https:\/\/test.astieks.com\/product\/danhera-maeve-decanter-premium-500-ml\/"},"modified":"2025-10-30T16:38:07","modified_gmt":"2025-10-30T14:38:07","slug":"danhera-maeve-decanter-premium-500-ml","status":"publish","type":"product","link":"https:\/\/store.astieks.com\/et\/product\/danhera-maeve-decanter-premium-500-ml\/","title":{"rendered":"DANHERA MAEVE Aroomidiffusor Premium 500 ml"},"content":{"rendered":"<p>Seal, kus maa kohtub taevaga. Seal, kus noored haldjad end peidavad ja k\u00f5ik on v\u00f5imalik. Selles p\u00fchas imede paigas s\u00fcndis MAEVE \u2013 l\u00f5hn, mis kannab endas Elulille v\u00e4ge.  <\/p>\n<p>MAEVE on naisenimi keldi p\u00e4ritolu. Nartsissid, sirelid ja v\u00e4\u00e4rikad puidunoodid on inspireeritud Mont Blanci majesteetlikkusest ning Emakese Maa loovast j\u00f5ust.<x id=\"gid_0\"><\/x>MAEVE t\u00e4hendab patoa keeles \u201cminu vesi\u201d. See k\u00e4tkeb endas ja samas paljastab kristallselgete ojade vankumatut j\u00f5udu.<x id=\"gid_1\"><\/x>MAEVE on haldjate kuninganna. See on v\u00f5lu maagilisest maailmast, mis koosneb puutumatutest maastikest, muinasjutulossidest ja kristallselgest veest.   <\/p>\n<p><strong>Komplektis:<\/strong><\/p>\n<ul>\n<li>Impero Aroomidiffusor 500 ml<\/li>\n<li>Mikrofiibrist pulgad aroomidifuusori jaoks<\/li>\n<li>Valge skulptuurikarp<\/li>\n<li>Tootevoldik<\/li>\n<\/ul>\n","protected":false},"excerpt":{"rendered":"<p>Parf\u00fc\u00fcm MAEVE ikoonilises Decanter Premium pudelis ja k\u00e4sitsi valmistatud skulptuurikarbis. Hinnaline aare, mis k\u00e4tkeb endas legendaarse l\u00f5hnadisaini l\u00f5hnavaid emotsioone. <\/p>\n","protected":false},"featured_media":13991,"template":"","meta":{"_acf_changed":false},"product_brand":[483],"product_cat":[253,245,257],"product_tag":[],"class_list":{"0":"post-14127","1":"product","2":"type-product","3":"status-publish","4":"has-post-thumbnail","6":"product_brand-danhera-et","7":"product_cat-difuuserid","8":"product_cat-kodulohnad","9":"product_cat-pihustid","10":"nt-post-class","11":"","17":"first","18":"instock","19":"taxable","20":"shipping-taxable","21":"purchasable","22":"product-type-simple"},"acf":[],"_links":{"self":[{"href":"https:\/\/store.astieks.com\/et\/wp-json\/wp\/v2\/product\/14127","targetHints":{"allow":["GET"]}}],"collection":[{"href":"https:\/\/store.astieks.com\/et\/wp-json\/wp\/v2\/product"}],"about":[{"href":"https:\/\/store.astieks.com\/et\/wp-json\/wp\/v2\/types\/product"}],"version-history":[{"count":2,"href":"https:\/\/store.astieks.com\/et\/wp-json\/wp\/v2\/product\/14127\/revisions"}],"predecessor-version":[{"id":19121,"href":"https:\/\/store.astieks.com\/et\/wp-json\/wp\/v2\/product\/14127\/revisions\/19121"}],"wp:featuredmedia":[{"embeddable":true,"href":"https:\/\/store.astieks.com\/et\/wp-json\/wp\/v2\/media\/13991"}],"wp:attachment":[{"href":"https:\/\/store.astieks.com\/et\/wp-json\/wp\/v2\/media?parent=14127"}],"wp:term":[{"taxonomy":"product_brand","embeddable":true,"href":"https:\/\/store.astieks.com\/et\/wp-json\/wp\/v2\/product_brand?post=14127"},{"taxonomy":"product_cat","embeddable":true,"href":"https:\/\/store.astieks.com\/et\/wp-json\/wp\/v2\/product_cat?post=14127"},{"taxonomy":"product_tag","embeddable":true,"href":"https:\/\/store.astieks.com\/et\/wp-json\/wp\/v2\/product_tag?post=14127"}],"curies":[{"name":"wp","href":"https:\/\/api.w.org\/{rel}","templated":true}]}}