{"id":14120,"date":"2025-08-12T15:13:19","date_gmt":"2025-08-12T13:13:19","guid":{"rendered":"https:\/\/test.astieks.com\/product\/danhera-maeve-refill-500-ml\/"},"modified":"2025-10-30T15:53:00","modified_gmt":"2025-10-30T13:53:00","slug":"danhera-maeve-refill-500-ml","status":"publish","type":"product","link":"https:\/\/store.astieks.com\/et\/product\/danhera-maeve-refill-500-ml\/","title":{"rendered":"DANHERA MAEVE Refill 500 ml"},"content":{"rendered":"<p>MAEVE on naisenimi keldi p\u00e4ritolu. Nartsissid, sirelid ja v\u00e4\u00e4rikad puidunoodid on inspireeritud Mont Blanci majesteetlikkusest ning Emakese Maa loovast j\u00f5ust. <\/p>\n<p>MAEVE t\u00e4hendab patoa keeles \u201cminu vesi\u201d. See k\u00e4tkeb endas ja samas paljastab kristallselgete ojade vankumatut j\u00f5udu. <\/p>\n<p>MAEVE on haldjate kuninganna. See on v\u00f5lu maagilisest maailmast, mis koosneb puutumatutest maastikest, muinasjutulossidest ja kristallselgest veest. <\/p>\n<p>Seal, kus maa kohtub taevaga. Seal, kus noored haldjad end peidavad ja k\u00f5ik on v\u00f5imalik. Selles p\u00fchas imede paigas s\u00fcndis MAEVE \u2013 l\u00f5hn, mis kannab endas Elulille v\u00e4ge.  <\/p>\n","protected":false},"excerpt":{"rendered":"<p>Seal, kus maa kohtub taevaga. Seal, kus noored haldjad end peidavad ja k\u00f5ik on v\u00f5imalik. Selles p\u00fchas imede paigas s\u00fcndis MAEVE \u2013 l\u00f5hn, mis kannab endas Elulille v\u00e4ge.  <\/p>\n","protected":false},"featured_media":14004,"template":"","meta":{"_acf_changed":false},"product_brand":[483],"product_cat":[253,245,257],"product_tag":[],"class_list":{"0":"post-14120","1":"product","2":"type-product","3":"status-publish","4":"has-post-thumbnail","6":"product_brand-danhera-et","7":"product_cat-difuuserid","8":"product_cat-kodulohnad","9":"product_cat-pihustid","10":"nt-post-class","11":"","17":"first","18":"instock","19":"taxable","20":"shipping-taxable","21":"purchasable","22":"product-type-simple"},"acf":[],"_links":{"self":[{"href":"https:\/\/store.astieks.com\/et\/wp-json\/wp\/v2\/product\/14120","targetHints":{"allow":["GET"]}}],"collection":[{"href":"https:\/\/store.astieks.com\/et\/wp-json\/wp\/v2\/product"}],"about":[{"href":"https:\/\/store.astieks.com\/et\/wp-json\/wp\/v2\/types\/product"}],"version-history":[{"count":2,"href":"https:\/\/store.astieks.com\/et\/wp-json\/wp\/v2\/product\/14120\/revisions"}],"predecessor-version":[{"id":19126,"href":"https:\/\/store.astieks.com\/et\/wp-json\/wp\/v2\/product\/14120\/revisions\/19126"}],"wp:featuredmedia":[{"embeddable":true,"href":"https:\/\/store.astieks.com\/et\/wp-json\/wp\/v2\/media\/14004"}],"wp:attachment":[{"href":"https:\/\/store.astieks.com\/et\/wp-json\/wp\/v2\/media?parent=14120"}],"wp:term":[{"taxonomy":"product_brand","embeddable":true,"href":"https:\/\/store.astieks.com\/et\/wp-json\/wp\/v2\/product_brand?post=14120"},{"taxonomy":"product_cat","embeddable":true,"href":"https:\/\/store.astieks.com\/et\/wp-json\/wp\/v2\/product_cat?post=14120"},{"taxonomy":"product_tag","embeddable":true,"href":"https:\/\/store.astieks.com\/et\/wp-json\/wp\/v2\/product_tag?post=14120"}],"curies":[{"name":"wp","href":"https:\/\/api.w.org\/{rel}","templated":true}]}}