{"id":14109,"date":"2025-08-12T11:07:41","date_gmt":"2025-08-12T09:07:41","guid":{"rendered":"https:\/\/test.astieks.com\/product\/danhera-soiree-refill-500-ml\/"},"modified":"2025-10-29T12:19:25","modified_gmt":"2025-10-29T10:19:25","slug":"danhera-soiree-refill-500-ml","status":"publish","type":"product","link":"https:\/\/store.astieks.com\/et\/product\/danhera-soiree-refill-500-ml\/","title":{"rendered":"DANHERA SOIR\u00c9E Refill 500 ml"},"content":{"rendered":"<p>Soir\u00e9e on l\u00f5hnap\u00fcramiidiga teos, milles ruum kaob, et v\u00f5imendada tajumist. V\u00e4\u00e4rikad, \u00fcllad puidunoodid ja v\u00e4rsked tsitruselised loovad uusi meloodiaid.<br \/>\nStseen intensiivsetest n\u00fcanssidest, kus Rossini ooperite kuulsaimad tegelased t\u00e4histavad seni avastamata meeltekompositsiooni.<\/p>\n","protected":false},"excerpt":{"rendered":"<p>M\u00f5tlikud \u00d5htup\u00f5ime atmosf\u00e4\u00e4rid \u2014 kujuteldav lava, kus improvisatsioon juhib loomist. M\u00fcstiline m\u00f5\u00f5de, kus parf\u00fc\u00fcm muutub muusikaks ja loob l\u00f5putuid modulatsioone.<\/p>\n","protected":false},"featured_media":13837,"template":"","meta":{"_acf_changed":false},"product_brand":[483],"product_cat":[253,245,257],"product_tag":[],"class_list":{"0":"post-14109","1":"product","2":"type-product","3":"status-publish","4":"has-post-thumbnail","6":"product_brand-danhera-et","7":"product_cat-difuuserid","8":"product_cat-kodulohnad","9":"product_cat-pihustid","10":"nt-post-class","11":"","17":"first","18":"instock","19":"taxable","20":"shipping-taxable","21":"purchasable","22":"product-type-simple"},"acf":[],"_links":{"self":[{"href":"https:\/\/store.astieks.com\/et\/wp-json\/wp\/v2\/product\/14109","targetHints":{"allow":["GET"]}}],"collection":[{"href":"https:\/\/store.astieks.com\/et\/wp-json\/wp\/v2\/product"}],"about":[{"href":"https:\/\/store.astieks.com\/et\/wp-json\/wp\/v2\/types\/product"}],"version-history":[{"count":1,"href":"https:\/\/store.astieks.com\/et\/wp-json\/wp\/v2\/product\/14109\/revisions"}],"predecessor-version":[{"id":14143,"href":"https:\/\/store.astieks.com\/et\/wp-json\/wp\/v2\/product\/14109\/revisions\/14143"}],"wp:featuredmedia":[{"embeddable":true,"href":"https:\/\/store.astieks.com\/et\/wp-json\/wp\/v2\/media\/13837"}],"wp:attachment":[{"href":"https:\/\/store.astieks.com\/et\/wp-json\/wp\/v2\/media?parent=14109"}],"wp:term":[{"taxonomy":"product_brand","embeddable":true,"href":"https:\/\/store.astieks.com\/et\/wp-json\/wp\/v2\/product_brand?post=14109"},{"taxonomy":"product_cat","embeddable":true,"href":"https:\/\/store.astieks.com\/et\/wp-json\/wp\/v2\/product_cat?post=14109"},{"taxonomy":"product_tag","embeddable":true,"href":"https:\/\/store.astieks.com\/et\/wp-json\/wp\/v2\/product_tag?post=14109"}],"curies":[{"name":"wp","href":"https:\/\/api.w.org\/{rel}","templated":true}]}}