{"id":14094,"date":"2025-08-11T15:32:07","date_gmt":"2025-08-11T13:32:07","guid":{"rendered":"https:\/\/test.astieks.com\/product\/danhera-nimfa-refill-500-ml\/"},"modified":"2025-10-30T16:40:33","modified_gmt":"2025-10-30T14:40:33","slug":"danhera-nimfa-refill-500-ml","status":"publish","type":"product","link":"https:\/\/store.astieks.com\/et\/product\/danhera-nimfa-refill-500-ml\/","title":{"rendered":"DANHERA NIMFA Refill 500 ml"},"content":{"rendered":"<p>Noorte n\u00fcmfide igavene lummus \u2014 kaunid lapsejumalannad, kes tantsivad graatsiliselt koos Heraga Hesperidese aias, paigas, kus s\u00fc\u00fctus ja sensuaalsus p\u00f5imuvad lahutamatult. M\u00fcstiline heliotroobi ja sandlipuu kooslus loob Nimfa aroomi \u2014 l\u00f5hna, mis innustab, toob r\u00f5\u00f5mu ja j\u00e4tab kestma oma v\u00f5lu. <\/p>\n<p><strong>Komplektis:<\/strong><\/p>\n<ul>\n<li style=\"list-style-type: none;\">\n<ul>\n<li>Ringlussev]etav PET pudel<\/li>\n<\/ul>\n<\/li>\n<\/ul>\n","protected":false},"excerpt":{"rendered":"<p>L\u00f5hn NIMFA maxi-t\u00e4itepakendis, loodud teie dekantri ja pihusti t\u00e4iendamiseks.<\/p>\n","protected":false},"featured_media":13695,"template":"","meta":{"_acf_changed":false},"product_brand":[483],"product_cat":[253,245,257],"product_tag":[],"class_list":{"0":"post-14094","1":"product","2":"type-product","3":"status-publish","4":"has-post-thumbnail","6":"product_brand-danhera-et","7":"product_cat-difuuserid","8":"product_cat-kodulohnad","9":"product_cat-pihustid","10":"nt-post-class","11":"","17":"first","18":"instock","19":"taxable","20":"shipping-taxable","21":"purchasable","22":"product-type-simple"},"acf":[],"_links":{"self":[{"href":"https:\/\/store.astieks.com\/et\/wp-json\/wp\/v2\/product\/14094","targetHints":{"allow":["GET"]}}],"collection":[{"href":"https:\/\/store.astieks.com\/et\/wp-json\/wp\/v2\/product"}],"about":[{"href":"https:\/\/store.astieks.com\/et\/wp-json\/wp\/v2\/types\/product"}],"version-history":[{"count":2,"href":"https:\/\/store.astieks.com\/et\/wp-json\/wp\/v2\/product\/14094\/revisions"}],"predecessor-version":[{"id":15637,"href":"https:\/\/store.astieks.com\/et\/wp-json\/wp\/v2\/product\/14094\/revisions\/15637"}],"wp:featuredmedia":[{"embeddable":true,"href":"https:\/\/store.astieks.com\/et\/wp-json\/wp\/v2\/media\/13695"}],"wp:attachment":[{"href":"https:\/\/store.astieks.com\/et\/wp-json\/wp\/v2\/media?parent=14094"}],"wp:term":[{"taxonomy":"product_brand","embeddable":true,"href":"https:\/\/store.astieks.com\/et\/wp-json\/wp\/v2\/product_brand?post=14094"},{"taxonomy":"product_cat","embeddable":true,"href":"https:\/\/store.astieks.com\/et\/wp-json\/wp\/v2\/product_cat?post=14094"},{"taxonomy":"product_tag","embeddable":true,"href":"https:\/\/store.astieks.com\/et\/wp-json\/wp\/v2\/product_tag?post=14094"}],"curies":[{"name":"wp","href":"https:\/\/api.w.org\/{rel}","templated":true}]}}