{"id":14090,"date":"2025-08-11T15:04:50","date_gmt":"2025-08-11T13:04:50","guid":{"rendered":"https:\/\/test.astieks.com\/product\/danhera-nimfa-decanter-premium-500-ml\/"},"modified":"2025-10-29T12:12:00","modified_gmt":"2025-10-29T10:12:00","slug":"danhera-nimfa-decanter-premium-500-ml","status":"publish","type":"product","link":"https:\/\/store.astieks.com\/et\/product\/danhera-nimfa-decanter-premium-500-ml\/","title":{"rendered":"DANHERA NIMFA Aroomidiffusor Premium 500 ml"},"content":{"rendered":"<p>Noorte n\u00fcmfide igavene lummus \u2014 kaunid lapsejumalannad, kes tantsivad graatsiliselt koos Heraga Hesperidese aias, paigas, kus s\u00fc\u00fctus ja sensuaalsus p\u00f5imuvad lahutamatult. M\u00fcstiline heliotroobi ja sandlipuu kooslus loob Nimfa aroomi \u2014 l\u00f5hna, mis innustab, toob r\u00f5\u00f5mu ja j\u00e4tab kestma oma v\u00f5lu. <\/p>\n<p><strong>Komplektis:<\/strong><\/p>\n<ul>\n<li style=\"list-style-type: none;\">\n<ul>\n<li>Impero Aroomidiffusor 500 ml<\/li>\n<li>Mikrofiibrist pulgad aroomidifuusori jaoks<\/li>\n<li>Valge skulptuurikarp<\/li>\n<li>Tootevoldik<\/li>\n<\/ul>\n<\/li>\n<\/ul>\n","protected":false},"excerpt":{"rendered":"<p>NIMFA Aroomidiffusor premium pudelis \u2014 sinu esimene samm teekonnal DANHERA legendaarsete parf\u00fc\u00fcmide maailma. Hoolikalt loodud olfaktoorne p\u00fcramiid, mida imetleda, armastada ja kinkida. <\/p>\n","protected":false},"featured_media":14342,"template":"","meta":{"_acf_changed":false},"product_brand":[483],"product_cat":[253,245],"product_tag":[],"class_list":{"0":"post-14090","1":"product","2":"type-product","3":"status-publish","4":"has-post-thumbnail","6":"product_brand-danhera-et","7":"product_cat-difuuserid","8":"product_cat-kodulohnad","9":"nt-post-class","10":"","16":"first","17":"instock","18":"taxable","19":"shipping-taxable","20":"purchasable","21":"product-type-simple"},"acf":[],"_links":{"self":[{"href":"https:\/\/store.astieks.com\/et\/wp-json\/wp\/v2\/product\/14090","targetHints":{"allow":["GET"]}}],"collection":[{"href":"https:\/\/store.astieks.com\/et\/wp-json\/wp\/v2\/product"}],"about":[{"href":"https:\/\/store.astieks.com\/et\/wp-json\/wp\/v2\/types\/product"}],"version-history":[{"count":4,"href":"https:\/\/store.astieks.com\/et\/wp-json\/wp\/v2\/product\/14090\/revisions"}],"predecessor-version":[{"id":15246,"href":"https:\/\/store.astieks.com\/et\/wp-json\/wp\/v2\/product\/14090\/revisions\/15246"}],"wp:featuredmedia":[{"embeddable":true,"href":"https:\/\/store.astieks.com\/et\/wp-json\/wp\/v2\/media\/14342"}],"wp:attachment":[{"href":"https:\/\/store.astieks.com\/et\/wp-json\/wp\/v2\/media?parent=14090"}],"wp:term":[{"taxonomy":"product_brand","embeddable":true,"href":"https:\/\/store.astieks.com\/et\/wp-json\/wp\/v2\/product_brand?post=14090"},{"taxonomy":"product_cat","embeddable":true,"href":"https:\/\/store.astieks.com\/et\/wp-json\/wp\/v2\/product_cat?post=14090"},{"taxonomy":"product_tag","embeddable":true,"href":"https:\/\/store.astieks.com\/et\/wp-json\/wp\/v2\/product_tag?post=14090"}],"curies":[{"name":"wp","href":"https:\/\/api.w.org\/{rel}","templated":true}]}}