{"id":14082,"date":"2025-08-12T12:02:01","date_gmt":"2025-08-12T10:02:01","guid":{"rendered":"https:\/\/test.astieks.com\/product\/danhera-soavia-gift-set-ii-250-ml500-ml\/"},"modified":"2026-04-18T13:08:18","modified_gmt":"2026-04-18T11:08:18","slug":"danhera-soavia-gift-set-ii-250-ml500-ml","status":"publish","type":"product","link":"https:\/\/store.astieks.com\/et\/product\/danhera-soavia-gift-set-ii-250-ml500-ml\/","title":{"rendered":"DANHERA SOAVIA Kingitusekomplekt 250 ml+500 ml"},"content":{"rendered":"<p>Igavesed Ol\u00fcmpose jumalannad tantsivad graatsiliselt Templite orus, s\u00e4ras ja hiilguses. V\u00e4rskuse s\u00e4rav s\u00fcda sulandub siidiselt pehmesse merevaiku.<br \/>\nL\u00f5hn, mis \u00e4ratab koidu hetke ja toob esile looduse lopsaka, piiritu \u00f5itsengu. Soavia on teekond taeva taha. P\u00e4ikeseline rada juhatab jumalanna HERA Vahemere imede juurde. See on see \u00f5rn, rahustav heli p\u00e4rast tormi.<\/p>\n<p>Kingituskomplektis:<\/p>\n<ul>\n<li>Impero Aroomidiffusor 250 ml ja Mikrofiibrist pulgad aroomidifuusori jaoks<\/li>\n<li>Soavia Refill 500 ml<\/li>\n<li>Luksuslik karp tekkstiilviimistlusega<\/li>\n<li>Kollektsioonil\u00f5hnade album<\/li>\n<\/ul>\n","protected":false},"excerpt":{"rendered":"<p>L\u00f5hn SOAVIA kinkekomplektis, loodud l\u00f5hnastseenide loomiseks ja sukeldumiseks Danhera legendi. Peen looming parf\u00fc\u00fcmikunsti armastajatele. Emotsioonid, mida kogeda, kanda ja s\u00fcdames hoida.  <\/p>\n","protected":false},"featured_media":13897,"template":"","meta":{"_acf_changed":false},"product_brand":[483],"product_cat":[253,245],"product_tag":[],"class_list":{"0":"post-14082","1":"product","2":"type-product","3":"status-publish","4":"has-post-thumbnail","6":"product_brand-danhera-et","7":"product_cat-difuuserid","8":"product_cat-kodulohnad","9":"nt-post-class","10":"","16":"first","17":"instock","18":"taxable","19":"shipping-taxable","20":"purchasable","21":"product-type-simple"},"acf":[],"_links":{"self":[{"href":"https:\/\/store.astieks.com\/et\/wp-json\/wp\/v2\/product\/14082","targetHints":{"allow":["GET"]}}],"collection":[{"href":"https:\/\/store.astieks.com\/et\/wp-json\/wp\/v2\/product"}],"about":[{"href":"https:\/\/store.astieks.com\/et\/wp-json\/wp\/v2\/types\/product"}],"version-history":[{"count":2,"href":"https:\/\/store.astieks.com\/et\/wp-json\/wp\/v2\/product\/14082\/revisions"}],"predecessor-version":[{"id":21141,"href":"https:\/\/store.astieks.com\/et\/wp-json\/wp\/v2\/product\/14082\/revisions\/21141"}],"wp:featuredmedia":[{"embeddable":true,"href":"https:\/\/store.astieks.com\/et\/wp-json\/wp\/v2\/media\/13897"}],"wp:attachment":[{"href":"https:\/\/store.astieks.com\/et\/wp-json\/wp\/v2\/media?parent=14082"}],"wp:term":[{"taxonomy":"product_brand","embeddable":true,"href":"https:\/\/store.astieks.com\/et\/wp-json\/wp\/v2\/product_brand?post=14082"},{"taxonomy":"product_cat","embeddable":true,"href":"https:\/\/store.astieks.com\/et\/wp-json\/wp\/v2\/product_cat?post=14082"},{"taxonomy":"product_tag","embeddable":true,"href":"https:\/\/store.astieks.com\/et\/wp-json\/wp\/v2\/product_tag?post=14082"}],"curies":[{"name":"wp","href":"https:\/\/api.w.org\/{rel}","templated":true}]}}