{"id":14071,"date":"2025-08-11T15:09:03","date_gmt":"2025-08-11T13:09:03","guid":{"rendered":"https:\/\/test.astieks.com\/product\/danhera-nimfa-gift-set-ii-250-ml-500-ml\/"},"modified":"2025-08-12T17:10:42","modified_gmt":"2025-08-12T15:10:42","slug":"danhera-nimfa-gift-set-ii-250-ml-500-ml","status":"publish","type":"product","link":"https:\/\/store.astieks.com\/et\/product\/danhera-nimfa-gift-set-ii-250-ml-500-ml\/","title":{"rendered":"DANHERA NIMFA Kingitusekomplekt 250 ml + 500 ml"},"content":{"rendered":"<p>Noorte n\u00fcmfide igavene lummus \u2014 kaunid lapsejumalannad, kes tantsivad graatsiliselt koos Heraga Hesperidese aias, paigas, kus s\u00fc\u00fctus ja sensuaalsus p\u00f5imuvad lahutamatult. M\u00fcstiline heliotroobi ja sandlipuu kooslus loob Nimfa aroomi \u2014 l\u00f5hna, mis innustab, toob r\u00f5\u00f5mu ja j\u00e4tab kestma oma v\u00f5lu. <\/p>\n<p><strong>Kingituskomplektis:<\/strong><\/p>\n<ul>\n<li>Impero Aroomidiffusor 250 ml ja Mikrofiibrist pulgad aroomidifuusori jaoks<\/li>\n<li>Nimfa Refill 500 ml<\/li>\n<li>Luksuslik karp tekkstiilviimistlusega<\/li>\n<li>Kollektsioonil\u00f5hnade album<\/li>\n<\/ul>\n","protected":false},"excerpt":{"rendered":"<p>L\u00f5hn NIMFA kinkekomplektis, loodud l\u00f5hnastseenide loomiseks ja sukeldumiseks Danhera legendi. Peen looming parf\u00fc\u00fcmikunsti armastajatele. Emotsioonid, mida kogeda, kanda ja s\u00fcdames hoida.  <\/p>\n","protected":false},"featured_media":13688,"template":"","meta":{"_acf_changed":false},"product_brand":[483],"product_cat":[253,245],"product_tag":[],"class_list":{"0":"post-14071","1":"product","2":"type-product","3":"status-publish","4":"has-post-thumbnail","6":"product_brand-danhera-et","7":"product_cat-difuuserid","8":"product_cat-kodulohnad","9":"nt-post-class","10":"","16":"first","17":"instock","18":"taxable","19":"shipping-taxable","20":"purchasable","21":"product-type-simple"},"acf":[],"_links":{"self":[{"href":"https:\/\/store.astieks.com\/et\/wp-json\/wp\/v2\/product\/14071","targetHints":{"allow":["GET"]}}],"collection":[{"href":"https:\/\/store.astieks.com\/et\/wp-json\/wp\/v2\/product"}],"about":[{"href":"https:\/\/store.astieks.com\/et\/wp-json\/wp\/v2\/types\/product"}],"version-history":[{"count":1,"href":"https:\/\/store.astieks.com\/et\/wp-json\/wp\/v2\/product\/14071\/revisions"}],"predecessor-version":[{"id":14073,"href":"https:\/\/store.astieks.com\/et\/wp-json\/wp\/v2\/product\/14071\/revisions\/14073"}],"wp:featuredmedia":[{"embeddable":true,"href":"https:\/\/store.astieks.com\/et\/wp-json\/wp\/v2\/media\/13688"}],"wp:attachment":[{"href":"https:\/\/store.astieks.com\/et\/wp-json\/wp\/v2\/media?parent=14071"}],"wp:term":[{"taxonomy":"product_brand","embeddable":true,"href":"https:\/\/store.astieks.com\/et\/wp-json\/wp\/v2\/product_brand?post=14071"},{"taxonomy":"product_cat","embeddable":true,"href":"https:\/\/store.astieks.com\/et\/wp-json\/wp\/v2\/product_cat?post=14071"},{"taxonomy":"product_tag","embeddable":true,"href":"https:\/\/store.astieks.com\/et\/wp-json\/wp\/v2\/product_tag?post=14071"}],"curies":[{"name":"wp","href":"https:\/\/api.w.org\/{rel}","templated":true}]}}