{"id":13735,"date":"2025-08-11T14:55:41","date_gmt":"2025-08-11T12:55:41","guid":{"rendered":"https:\/\/test.astieks.com\/product\/danhera-nimfa-decanter-mini-125-ml\/"},"modified":"2025-09-02T10:22:48","modified_gmt":"2025-09-02T08:22:48","slug":"danhera-nimfa-decanter-mini-125-ml","status":"publish","type":"product","link":"https:\/\/store.astieks.com\/et\/product\/danhera-nimfa-decanter-mini-125-ml\/","title":{"rendered":"DANHERA NIMFA Aroomidiffusor Mini 125 ml"},"content":{"rendered":"<p>Noorte n\u00fcmfide igavene lummus \u2014 kaunid lapsejumalannad, kes tantsivad graatsiliselt koos Heraga Hesperidese aias, paigas, kus s\u00fc\u00fctus ja sensuaalsus p\u00f5imuvad lahutamatult. M\u00fcstiline heliotroobi ja sandlipuu kooslus loob Nimfa aroomi \u2014 l\u00f5hna, mis innustab, toob r\u00f5\u00f5mu ja j\u00e4tab kestma oma v\u00f5lu. <\/p>\n<p><strong>Komplektis:<\/strong><\/p>\n<ul>\n<li style=\"list-style-type: none;\">\n<ul>\n<li>Impero Aroomidiffusor125 ml<\/li>\n<li>Mikrofiibrist pulgad aroomidifuusori jaoks<\/li>\n<li>Prestige kinkekarp<\/li>\n<\/ul>\n<\/li>\n<\/ul>\n","protected":false},"excerpt":{"rendered":"<p>NIMFA Aroomidiffusor mini pudelis \u2014 sinu esimene samm teekonnal DANHERA legendaarsete parf\u00fc\u00fcmide maailma. Hoolikalt loodud olfaktoorne p\u00fcramiid, mida imetleda, armastada ja kinkida. <\/p>\n","protected":false},"featured_media":13666,"template":"","meta":{"_acf_changed":false},"product_brand":[483],"product_cat":[253,245],"product_tag":[],"class_list":{"0":"post-13735","1":"product","2":"type-product","3":"status-publish","4":"has-post-thumbnail","6":"product_brand-danhera-et","7":"product_cat-difuuserid","8":"product_cat-kodulohnad","9":"nt-post-class","10":"","16":"first","17":"instock","18":"taxable","19":"shipping-taxable","20":"purchasable","21":"product-type-simple"},"acf":[],"_links":{"self":[{"href":"https:\/\/store.astieks.com\/et\/wp-json\/wp\/v2\/product\/13735","targetHints":{"allow":["GET"]}}],"collection":[{"href":"https:\/\/store.astieks.com\/et\/wp-json\/wp\/v2\/product"}],"about":[{"href":"https:\/\/store.astieks.com\/et\/wp-json\/wp\/v2\/types\/product"}],"version-history":[{"count":1,"href":"https:\/\/store.astieks.com\/et\/wp-json\/wp\/v2\/product\/13735\/revisions"}],"predecessor-version":[{"id":13927,"href":"https:\/\/store.astieks.com\/et\/wp-json\/wp\/v2\/product\/13735\/revisions\/13927"}],"wp:featuredmedia":[{"embeddable":true,"href":"https:\/\/store.astieks.com\/et\/wp-json\/wp\/v2\/media\/13666"}],"wp:attachment":[{"href":"https:\/\/store.astieks.com\/et\/wp-json\/wp\/v2\/media?parent=13735"}],"wp:term":[{"taxonomy":"product_brand","embeddable":true,"href":"https:\/\/store.astieks.com\/et\/wp-json\/wp\/v2\/product_brand?post=13735"},{"taxonomy":"product_cat","embeddable":true,"href":"https:\/\/store.astieks.com\/et\/wp-json\/wp\/v2\/product_cat?post=13735"},{"taxonomy":"product_tag","embeddable":true,"href":"https:\/\/store.astieks.com\/et\/wp-json\/wp\/v2\/product_tag?post=13735"}],"curies":[{"name":"wp","href":"https:\/\/api.w.org\/{rel}","templated":true}]}}