{"id":11918,"date":"2025-06-04T14:45:41","date_gmt":"2025-06-04T14:45:41","guid":{"rendered":"https:\/\/test.astieks.com\/shipping-returns\/"},"modified":"2025-06-16T14:01:10","modified_gmt":"2025-06-16T14:01:10","slug":"shipping-returns","status":"publish","type":"page","link":"https:\/\/store.astieks.com\/et\/shipping-returns\/","title":{"rendered":"Shipping &amp; Returns"},"content":{"rendered":"\r\n<div class=\"elementor-element elementor-element-df5f4b2 elementor-widget elementor-widget-heading\" data-id=\"df5f4b2\" data-element_type=\"widget\" data-widget_type=\"heading.default\">\r\n<div class=\"elementor-widget-container\">\r\n<p data-pm-slice=\"1 1 []\"><strong>Tarnetingimused ja tagastamine<\/strong><\/p>\r\n<p><strong>Tarnetingimused<\/strong> Veebipood Astieks toimetab kaupa Eestisse, L\u00e4tti ja Soome. Tarnekulu lisandub toote hinnale.<\/p>\r\n<p><strong>Tasuta tarne tellimustele alates 100 \u20ac<\/strong><\/p>\r\n<p><strong>Tagastus ja vahetamine<\/strong> Teil on \u00f5igus kaup 14 p\u00e4eva jooksul tagastada. Soovist tagastada teavitage meid e-posti teel hiljemalt 14 p\u00e4eva jooksul p\u00e4rast tellimuse k\u00e4ttesaamist.<\/p>\r\n<p>Kauba seisukord ja pakend peavad vastama algsele kujule. Tagastada saab ainult kasutamata kaupa originaalpakendis. Palume lisada saateleht ja m\u00e4rkida sellele oma arvelduskonto number. Tagastamise korral katab saatmiskulu klient, v\u00e4lja arvatud juhul, kui tagastamise p\u00f5hjuseks on toote defekt v\u00f5i mittevastavus tellitule.<\/p>\r\n<p>Tagasimakse tehakse panga\u00fclekandega hiljemalt 14 p\u00e4eva jooksul.<\/p>\r\n<p><strong>Tagastuse aadress<\/strong><br \/>Astieks Komfort O\u00dc<br \/>Kentmanni 6, 10116 Tallinn, Eesti<\/p>\r\n<\/div>\r\n<\/div>\r\n","protected":false},"excerpt":{"rendered":"<p>Tarnetingimused ja tagastamine Tarnetingimused Veebipood Astieks toimetab kaupa Eestisse, L\u00e4tti ja Soome. Tarnekulu lisandub toote hinnale. Tasuta tarne tellimustele alates 100 \u20ac Tagastus ja vahetamine Teil on \u00f5igus kaup 14 p\u00e4eva jooksul tagastada. Soovist tagastada teavitage meid e-posti teel hiljemalt 14 p\u00e4eva jooksul p\u00e4rast tellimuse k\u00e4ttesaamist. Kauba seisukord ja pakend peavad vastama algsele kujule. Tagastada&#8230;<\/p>\n","protected":false},"author":1,"featured_media":0,"parent":0,"menu_order":0,"comment_status":"closed","ping_status":"closed","template":"","meta":{"_acf_changed":false,"footnotes":""},"class_list":{"0":"post-11918","1":"page","2":"type-page","3":"status-publish","4":"hentry","5":"nt-post-class","6":"","7":"thumb-none","9":"excerpt-none"},"acf":[],"_links":{"self":[{"href":"https:\/\/store.astieks.com\/et\/wp-json\/wp\/v2\/pages\/11918","targetHints":{"allow":["GET"]}}],"collection":[{"href":"https:\/\/store.astieks.com\/et\/wp-json\/wp\/v2\/pages"}],"about":[{"href":"https:\/\/store.astieks.com\/et\/wp-json\/wp\/v2\/types\/page"}],"author":[{"embeddable":true,"href":"https:\/\/store.astieks.com\/et\/wp-json\/wp\/v2\/users\/1"}],"replies":[{"embeddable":true,"href":"https:\/\/store.astieks.com\/et\/wp-json\/wp\/v2\/comments?post=11918"}],"version-history":[{"count":3,"href":"https:\/\/store.astieks.com\/et\/wp-json\/wp\/v2\/pages\/11918\/revisions"}],"predecessor-version":[{"id":11928,"href":"https:\/\/store.astieks.com\/et\/wp-json\/wp\/v2\/pages\/11918\/revisions\/11928"}],"wp:attachment":[{"href":"https:\/\/store.astieks.com\/et\/wp-json\/wp\/v2\/media?parent=11918"}],"curies":[{"name":"wp","href":"https:\/\/api.w.org\/{rel}","templated":true}]}}