{"id":11912,"date":"2025-05-17T09:09:40","date_gmt":"2025-05-17T09:09:40","guid":{"rendered":"https:\/\/test.astieks.com\/terms-and-conditions\/"},"modified":"2025-06-16T13:58:58","modified_gmt":"2025-06-16T13:58:58","slug":"terms-and-conditions","status":"publish","type":"page","link":"https:\/\/store.astieks.com\/et\/terms-and-conditions\/","title":{"rendered":"Terms and conditions"},"content":{"rendered":"<div class=\"elementor-element elementor-element-158c6f5 elementor-widget elementor-widget-heading\" data-id=\"158c6f5\" data-element_type=\"widget\" data-widget_type=\"heading.default\">\n<div class=\"elementor-widget-container\">\n<p><strong>M\u00fc\u00fcgitingimused<\/strong><\/p>\n<p>Veebipoe astieks.com (edaspidi veebipood) omanik on Astieks Komfort O\u00dc (registrikood 11164957), asukohaga Sarapiku tee 13, Tallinn.<\/p>\n<p><strong>M\u00fc\u00fcgilepingu kehtivus, toote- ja hinnainfo<\/strong><\/p>\n<p>M\u00fc\u00fcgitingimused kehtivad kaupade ostmisel veebipoest.<\/p>\n<p>Veebipoes m\u00fc\u00fcgil olevate toodete hinnad on toodud toodete juures. Hinnale lisandub tasu kauba k\u00e4ttetoimetamise eest.<\/p>\n<p>Tarnetasu s\u00fcltub ostja asukohast ja valitud tarneviisist. Tarnetasu kuvatakse tellimuse vormistamisel.<\/p>\n<p>Tooteinfo on esitatud vahetult toote juures veebipoes.<\/p>\n<p><strong>Tellimuse vormistamine<\/strong><\/p>\n<p>Soovitud kauba tellimiseks tuleb lisada tooted ostukorvi. Seej\u00e4rel tuleb t\u00e4ita k\u00f5ik n\u00f5utud v\u00e4ljad ning valida sobiv tarneviis. Seej\u00e4rel kuvatakse ekraanile kogusumma, mille saab tasuda panga\u00fclekandega v\u00f5i muu makseviisiga.<\/p>\n<p>Leping j\u00f5ustub alates tasumisele kuuluva summa laekumisest veebipoe arvelduskontole.<\/p>\n<p>Kui tellitud kaupa ei ole v\u00f5imalik tarnida laoseisu l\u00f5ppemise v\u00f5i muu p\u00f5hjuse t\u00f5ttu, teavitatakse ostjat sellest esimesel v\u00f5imalusel ning tagastatakse tasutud summa (sh kohaletoimetamiskulud) viivitamatult, kuid mitte hiljem kui 14 p\u00e4eva jooksul.<\/p>\n<p><strong>Kinkekaardid<\/strong><\/p>\n<p>Kinkekaart on saadaval v\u00e4\u00e4rtuses 50 \u20ac, 100 \u20ac ja 150 \u20ac.<\/p>\n<p>K\u00f5ik hinnad veebipoes Astieks on eurodes.<\/p>\n<p>Kinkekaarti saab kasutada 12 kuu jooksul alates ostukuup\u00e4evast.<\/p>\n<p>Kinkekaarti saab kasutada \u00fcheks v\u00f5i mitmeks ostuks kuni selle krediidisumma ammendumiseni.<\/p>\n<p>Kinkekaarti saab kasutada ainult Astieks veebipoes (astieks.com). Virtuaalsed kinkekaardid ei kehti Astieks ja Dr. Vranjes Firenze jaekauplustes.<\/p>\n<p>Kinkekaarti ei saa kasutada kampaaniatoodete ostmiseks.<\/p>\n<p>Kinkekaardi v\u00e4\u00e4rtust ei tagastata t\u00e4ielikult ega osaliselt.<\/p>\n<p>Kinkekaart saadetakse ainult m\u00e4rgitud e-posti aadressile.<\/p>\n<p><strong>Maksmine<\/strong><\/p>\n<p>Veebipoes Astieks saab ostude eest tasuda panga lingi v\u00f5i krediitkaardiga. K\u00f5ik hinnad on eurodes.<\/p>\n<p>Makse toimub turvalises keskkonnas v\u00e4ljaspool veebipoodi: panga lingi korral vastava panga keskkonnas, krediitkaardi korral Montonio maksekeskkonnas.<\/p>\n<p>Veebipoel Astieks puudub ligip\u00e4\u00e4s kliendi panga- ja krediitkaardiandmetele.<\/p>\n<p><strong>Tarne<\/strong><\/p>\n<p>Kaupu tarnitakse j\u00e4rgmistesse riikidesse: Eesti, L\u00e4ti, Soome.<\/p>\n<p>Tarnekulu kannab ostja ning vastav hinnainfo kuvatakse tarneviisi juures.<\/p>\n<p>K\u00f5ik saadetised Eestis j\u00f5uavad reeglina ostja m\u00e4rgitud sihtkohta 3\u20137 t\u00f6\u00f6p\u00e4eva jooksul p\u00e4rast m\u00fc\u00fcgilepingu j\u00f5ustumist. V\u00e4lisriikidesse saatmisel on garantii t\u00e4htajaks 10 kalendrip\u00e4eva. Tarnet Euroopa piires m\u00f5jutavad riik, piirkond, paki kaal ja tarneviis ning hind arvutatakse individuaalselt.<\/p>\n<p>Erandjuhtudel on \u00f5igus kaup saata kuni 45 kalendrip\u00e4eva jooksul.<\/p>\n<p><strong>Taganemis\u00f5igus<\/strong><\/p>\n<p>P\u00e4rast tellimuse k\u00e4ttesaamist on ostjal \u00f5igus e-poega s\u00f5lmitud lepingust 14 p\u00e4eva jooksul taganeda.<\/p>\n<p>Taganemis\u00f5igus ei kehti, kui ostjaks on juriidiline isik.<\/p>\n<p>Taganemis\u00f5iguse kasutamiseks ei tohi ostja kaupa kasutada muul viisil, kui on vajalik selle olemuse, omaduste ja toimimise kindlakstegemiseks viisil, mis oleks lubatud ka tavapoes.<\/p>\n<p>Kui kaupa on kasutatud muuks otstarbeks v\u00f5i on sellel kasutamise v\u00f5i kulumise m\u00e4rke, on veebipoel \u00f5igus v\u00e4hendada tagastatavat summat vastavalt kauba v\u00e4\u00e4rtuse v\u00e4henemisele.<\/p>\n<p>Kauba tagastamiseks tuleb esitada taganemisavaldus (vorm leitav siin: taganemisavaldus) e-posti aadressile <a href=\"mailto:info@astieks.com\">info@astieks.com<\/a> hiljemalt 14 p\u00e4eva jooksul.<\/p>\n<p>Kauba tagastamise kulud kannab ostja, v\u00e4lja arvatud juhul, kui tagastamise p\u00f5hjuseks on saadud vale v\u00f5i defektiga toode.<\/p>\n<p>Ostja peab kauba tagastama 14 p\u00e4eva jooksul p\u00e4rast taganemisavalduse esitamist v\u00f5i esitama t\u00f5endi, et ta on selle t\u00fchlitanud vedajale samas t\u00e4htajas.<\/p>\n<p>Veebipood tagastab ostjale viivitamatult, kuid mitte hiljem kui 14 p\u00e4eva jooksul, k\u00f5ik lepinguga saadud maksed.<\/p>\n<p>Veebipoel on \u00f5igus keelduda raha tagastamisest seni, kuni tagastatud kaup on laekunud v\u00f5i kuni ostja on esitanud t\u00f5endi kauba tagastamise kohta.<\/p>\n<p>Kui ostja on valinud tavap\u00e4rasest odavamale tarneviisile lisatasulise viisi, ei ole veebipood kohustatud katma lisandunud kulu.<\/p>\n<p>Kui veebipoes on tootele ekslikult m\u00e4rgitud turuhinnast tunduvalt madalam hind, on veebipoel \u00f5igus lepingust taganeda ja n\u00f5uda kauba tagastamist.<\/p>\n<p><strong>Mittevastav kaup<\/strong><\/p>\n<p>Veebipood vastutab kaupade lepingutingimustele mittevastavuse ja puuduste eest, mis ilmnevad kahe aasta jooksul alates kauba ostjale \u00fcleandmisest. Esimese kuue kuu jooksul eeldatakse, et puudus oli olemas juba kauba \u00fcleandmise ajal. Veebipood peab vastupidist t\u00f5endama.<\/p>\n<p>Ostjal on \u00f5igus puuduse ilmnemisel kahe kuu jooksul teavitada sellest veebipoodi e-posti teel: <a href=\"mailto:info@astieks.com\">info@astieks.com<\/a> v\u00f5i telefonil 610 8444.<\/p>\n<p>Veebipood ei vastuta puuduste eest, mis on tekkinud p\u00e4rast kauba \u00fcleandmist ostjale.<\/p>\n<p>Kui veebipoest ostetud kaubal on puudused, mille eest veebipood vastutab, parandatakse v\u00f5i asendatakse defektne toode. Kui toodet ei ole v\u00f5imalik parandada v\u00f5i asendada, tagastatakse ostjale k\u00f5ik lepinguga seotud maksed.<\/p>\n<p>Veebipood vastab tarbija kaebusele kirjalikult v\u00f5i kirjalikku taasesitamist v\u00f5imaldavas vormis 15 p\u00e4eva jooksul.<\/p>\n<p><strong>Otseturundus ja isikuandmete t\u00f6\u00f6tlemine<\/strong><\/p>\n<p>Veebipood kasutab ostja sisestatud isikuandmeid (nimi, telefoninumber, aadress, e-post, pangarekvisiidid) ainult tellimuse t\u00f6\u00f6tlemiseks ja kauba kohaletoimetamiseks.<\/p>\n<p>Veebipood edastab isikuandmeid transporditeenuse pakkujale, et tagada kauba k\u00e4ttetoimetamine.<\/p>\n<p>Uudiskirju ja pakkumisi saadetakse ostjale vaid juhul, kui ostja on selleks avaldanud soovi, sisestades e-posti aadressi ning andes n\u00f5usoleku otseturunduse saamiseks.<\/p>\n<p>Ostjal on igal ajal v\u00f5imalik uudiskirjadest loobuda, saates vastava teavituse e-posti teel v\u00f5i vajutades vastavale lingile e-kirjas.<\/p>\n<p><strong>Vaidluste lahendamine<\/strong><\/p>\n<p>Ostja kaebused veebipoe kohta tuleb saata e-posti aadressile <a href=\"mailto:info@astieks.com\">info@astieks.com<\/a> v\u00f5i helistada numbril 610 8444.<\/p>\n<p>Kui ostja ja veebipood ei suuda lahendada vaidlust kokkuleppe teel, on ostjal v\u00f5imalus p\u00f6\u00f6rduda Tarbijavaidluste komisjoni poole. Menetlusreeglid ja kaebuse esitamise v\u00f5imalused on leitavad tarbijavaidluste komisjoni veebilehelt.<\/p>\n<p>Tarbijavaidluste komisjon on p\u00e4dev lahendama ostja ja veebipoe vahel s\u00f5lmitud lepingust tulenevaid vaidlusi. Komisjonis kaebuse lahendamine on ostjale tasuta.<\/p>\n<p>Ostja v\u00f5ib p\u00f6\u00f6rduda ka Euroopa Liidu vaidluste lahendamise platvormi poole.<\/p>\n<\/div>\n<\/div>\n","protected":false},"excerpt":{"rendered":"<p>M\u00fc\u00fcgitingimused Veebipoe astieks.com (edaspidi veebipood) omanik on Astieks Komfort O\u00dc (registrikood 11164957), asukohaga Sarapiku tee 13, Tallinn. M\u00fc\u00fcgilepingu kehtivus, toote- ja hinnainfo M\u00fc\u00fcgitingimused kehtivad kaupade ostmisel veebipoest. Veebipoes m\u00fc\u00fcgil olevate toodete hinnad on toodud toodete juures. Hinnale lisandub tasu kauba k\u00e4ttetoimetamise eest. Tarnetasu s\u00fcltub ostja asukohast ja valitud tarneviisist. Tarnetasu kuvatakse tellimuse vormistamisel. Tooteinfo on&#8230;<\/p>\n","protected":false},"author":1,"featured_media":0,"parent":0,"menu_order":0,"comment_status":"closed","ping_status":"closed","template":"","meta":{"_acf_changed":false,"footnotes":""},"class_list":{"0":"post-11912","1":"page","2":"type-page","3":"status-publish","4":"hentry","5":"nt-post-class","6":"","7":"thumb-none","9":"excerpt-none"},"acf":[],"_links":{"self":[{"href":"https:\/\/store.astieks.com\/et\/wp-json\/wp\/v2\/pages\/11912","targetHints":{"allow":["GET"]}}],"collection":[{"href":"https:\/\/store.astieks.com\/et\/wp-json\/wp\/v2\/pages"}],"about":[{"href":"https:\/\/store.astieks.com\/et\/wp-json\/wp\/v2\/types\/page"}],"author":[{"embeddable":true,"href":"https:\/\/store.astieks.com\/et\/wp-json\/wp\/v2\/users\/1"}],"replies":[{"embeddable":true,"href":"https:\/\/store.astieks.com\/et\/wp-json\/wp\/v2\/comments?post=11912"}],"version-history":[{"count":2,"href":"https:\/\/store.astieks.com\/et\/wp-json\/wp\/v2\/pages\/11912\/revisions"}],"predecessor-version":[{"id":11925,"href":"https:\/\/store.astieks.com\/et\/wp-json\/wp\/v2\/pages\/11912\/revisions\/11925"}],"wp:attachment":[{"href":"https:\/\/store.astieks.com\/et\/wp-json\/wp\/v2\/media?parent=11912"}],"curies":[{"name":"wp","href":"https:\/\/api.w.org\/{rel}","templated":true}]}}