{"id":11901,"date":"2025-04-30T10:38:30","date_gmt":"2025-04-30T10:38:30","guid":{"rendered":"https:\/\/test.astieks.com\/privacy-policy\/"},"modified":"2025-06-16T13:51:11","modified_gmt":"2025-06-16T13:51:11","slug":"privacy-policy","status":"publish","type":"page","link":"https:\/\/store.astieks.com\/et\/privacy-policy\/","title":{"rendered":"Privacy Policy"},"content":{"rendered":"\r\n<p><strong>Isikuandmete vastutav t\u00f6\u00f6tleja<\/strong><\/p>\r\n<p>Veebipoe Astieks isikuandmete vastutav t\u00f6\u00f6tleja on Astieks Komfort O\u00dc (registrikood 11164957), asukohaga Sarapiku tee 13, telefon +372 6108444, e-post: <a href=\"mailto:info@astieks.com\">info@astieks.com<\/a>.<\/p>\r\n<p><strong>T\u00f6\u00f6deldavad isikuandmed<\/strong><\/p>\r\n<ul>\r\n<li>\r\n<p>nimi, telefoninumber ja e-posti aadress;<\/p>\r\n<\/li>\r\n<li>\r\n<p>tarneaadress;<\/p>\r\n<\/li>\r\n<li>\r\n<p>pangakonto number;<\/p>\r\n<\/li>\r\n<li>\r\n<p>kaupade ja teenuste maksumus ning maksetega seotud andmed (ostuajalugu);<\/p>\r\n<\/li>\r\n<li>\r\n<p>klienditoe andmed.<\/p>\r\n<\/li>\r\n<\/ul>\r\n<p><strong>Isikuandmete t\u00f6\u00f6tlemise eesm\u00e4rgid<\/strong><\/p>\r\n<p>Isikuandmeid kasutatakse klienditellimuste haldamiseks ja kaupade kohaletoimetamiseks.<\/p>\r\n<p>Ostuajaloo andmeid (ostukuup\u00e4ev, tooted, kogus, kliendiandmed) kasutatakse ostude ja teenuste kokkuv\u00f5tete koostamiseks ning kliendieelistuste anal\u00fc\u00fcsimiseks.<\/p>\r\n<p>Pangakonto numbrit kasutatakse kliendile maksete tagastamiseks.<\/p>\r\n<p>E-posti aadressi, telefoninumbrit ja kliendi nime t\u00f6\u00f6deldakse kaupade ja teenuste osutamisega seotud probleemide lahendamiseks (klienditugi).<\/p>\r\n<p>Veebipoe kasutaja IP-aadressi v\u00f5i muid veebitunnuseid t\u00f6\u00f6deldakse infos\u00fcsteemiteenuse pakkumise ja veebistatistika eesm\u00e4rgil.<\/p>\r\n<p><strong>\u00d5iguslik alus<\/strong><\/p>\r\n<p>Isikuandmeid t\u00f6\u00f6deldakse kliendiga s\u00f5lmitud lepingu t\u00e4itmise eesm\u00e4rgil.<\/p>\r\n<p>Isikuandmeid t\u00f6\u00f6deldakse ka seadusest tulenevate kohustuste t\u00e4itmiseks (nt raamatupidamine, tarbijakaebuste lahendamine).<\/p>\r\n<p><strong>Isikuandmete vastuv\u00f5tjad<\/strong><\/p>\r\n<p>Maksete tegemiseks edastatakse vajalikud isikuandmed Maksekeskus AS volitatud t\u00f6\u00f6tlejale.<\/p>\r\n<p>Ostu- ja ostuajalooga seotud andmed edastatakse veebipoe klienditoele ostude haldamiseks ja probleemide lahendamiseks.<\/p>\r\n<p>Kliendi nimi, telefoninumber ja e-posti aadress edastatakse kliendi valitud transporditeenuse pakkujale. Kui kauba toimetab kohale kuller, edastatakse ka tarneaadress koos kontaktandmetega.<\/p>\r\n<p>Kui veebipoe raamatupidamist teeb teenusepakkuja, edastatakse isikuandmed sellele raamatupidamistoimingute tegemiseks.<\/p>\r\n<p>IT-teenuse pakkujatele v\u00f5idakse isikuandmeid edastada ainult juhul, kui see on vajalik veebipoe toimimise v\u00f5i andmete majutamise tagamiseks.<\/p>\r\n<p><strong>Turvalisus ja andmetele juurdep\u00e4\u00e4s<\/strong><\/p>\r\n<p>Isikuandmeid hoitakse Zone Media O\u00dc (zone.ee) serverites, mis asuvad Euroopa Liidu liikmesriigis v\u00f5i Euroopa Majanduspiirkonna riigis. Andmeid v\u00f5idakse edastada ka riikidesse, mille andmekaitse tase on Euroopa Komisjoni hinnangul piisav, samuti USA ettev\u00f5tetele, kes on liitunud Privacy Shield raamistikuga.<\/p>\r\n<p>Isikuandmetele p\u00e4\u00e4seb ligi veebipoe t\u00f6\u00f6tajaskond ainult tehniliste probleemide lahendamiseks ja klienditoe pakkumiseks.<\/p>\r\n<p>Veebipood rakendab asjakohaseid f\u00fc\u00fcsilisi, organisatsioonilisi ja IT-turvameetmeid, et kaitsta isikuandmeid juhusliku v\u00f5i ebaseadusliku h\u00e4vimise, kadumise, muutmise v\u00f5i loata juurdep\u00e4\u00e4su ja avalikustamise eest.<\/p>\r\n<p>Isikuandmeid edastatakse veebipoe volitatud t\u00f6\u00f6tlejatele (nt transpordi- ja andmemajutusteenuse pakkujad) lepingute alusel. T\u00f6\u00f6tlejad peavad tagama andmetele asjakohased kaitsemeetmed.<\/p>\r\n<p><strong>Juurdep\u00e4\u00e4s isikuandmetele ja nende parandamine<\/strong><\/p>\r\n<p>Isikuandmetele p\u00e4\u00e4seb ligi ja saab neid parandada veebipoe kasutajaprofiilis. Kui ost sooritati ilma kasutajakontota, saab andmetele ligi klienditoe kaudu.<\/p>\r\n<p><strong>N\u00f5usoleku tagasiv\u00f5tmine<\/strong><\/p>\r\n<p>Kui andmeid t\u00f6\u00f6deldakse kliendi n\u00f5usolekul, on kliendil \u00f5igus n\u00f5usolek tagasi v\u00f5tta, teavitades sellest kliendituge e-posti teel.<\/p>\r\n<p><strong>S\u00e4ilitamine<\/strong><\/p>\r\n<p>Isikuandmed kustutatakse kliendikonto sulgemisel, v\u00e4lja arvatud juhul, kui andmete s\u00e4ilitamine on vajalik raamatupidamise v\u00f5i tarbijavaidluste lahendamise eesm\u00e4rgil.<\/p>\r\n<p>Ilma kasutajakontota tehtud veebitellimuste ostuajalugu s\u00e4ilitatakse 3 aastat.<\/p>\r\n<p>Maksete v\u00f5i tarbijavaidluste korral s\u00e4ilitatakse isikuandmeid kuni n\u00f5ude rahuldamiseni v\u00f5i aegumist\u00e4htaja l\u00f5puni.<\/p>\r\n<p>Raamatupidamislikel eesm\u00e4rkidel vajalikud andmed s\u00e4ilitatakse 7 aastat.<\/p>\r\n<p><strong>Kustutamine<\/strong><\/p>\r\n<p>Isikuandmete kustutamiseks tuleb v\u00f5tta \u00fchendust klienditoega e-posti teel. Kustutamistaotlusele vastatakse hiljemalt \u00fche kuu jooksul ning kustutamise t\u00e4htaeg t\u00e4psustatakse.<\/p>\r\n<p><strong>Edastamine<\/strong><\/p>\r\n<p>Isikuandmete edastamise taotlustele, mis on saadetud e-posti teel, vastatakse \u00fche kuu jooksul. Klienditugi tuvastab isiku ja m\u00e4\u00e4rab, milliseid andmeid edastatakse.<\/p>\r\n<p><strong>Otseturundus<\/strong><\/p>\r\n<p>E-posti aadressi ja telefoninumbrit kasutatakse otseturunduslike teadete saatmiseks vaid juhul, kui klient on selleks andnud n\u00f5usoleku. Kui klient ei soovi neid teateid saada, saab ta kl\u00f5psata e-kirja jaluses olevale lingile v\u00f5i v\u00f5tta \u00fchendust klienditoega.<\/p>\r\n<p>Kui isikuandmeid t\u00f6\u00f6deldakse otseturunduse eesm\u00e4rgil (sealhulgas profiilianal\u00fc\u00fcs), on kliendil igal ajal \u00f5igus esitada vastuv\u00e4iteid nii esmase kui ka edasise t\u00f6\u00f6tlemise osas, teavitades sellest kliendituge e-posti teel aadressil <a href=\"mailto:info@astieks.com\">info@astieks.com<\/a>.<\/p>\r\n<p><strong>Vaidluste lahendamine<\/strong><\/p>\r\n<p>Isikuandmete t\u00f6\u00f6tlemisega seotud vaidlusi lahendatakse klienditoe kaudu: <a href=\"mailto:info@astieks.com\">info@astieks.com<\/a>.<\/p>\r\n<p>J\u00e4relevalveasutus on <strong>Andmekaitse Inspektsioon<\/strong> (<a href=\"mailto:info@aki.ee\">info@aki.ee<\/a>).<\/p>\r\n<p>&nbsp;<\/p>\r\n","protected":false},"excerpt":{"rendered":"<p>Isikuandmete vastutav t\u00f6\u00f6tleja Veebipoe Astieks isikuandmete vastutav t\u00f6\u00f6tleja on Astieks Komfort O\u00dc (registrikood 11164957), asukohaga Sarapiku tee 13, telefon +372 6108444, e-post: info@astieks.com. T\u00f6\u00f6deldavad isikuandmed nimi, telefoninumber ja e-posti aadress; tarneaadress; pangakonto number; kaupade ja teenuste maksumus ning maksetega seotud andmed (ostuajalugu); klienditoe andmed. Isikuandmete t\u00f6\u00f6tlemise eesm\u00e4rgid Isikuandmeid kasutatakse klienditellimuste haldamiseks ja kaupade kohaletoimetamiseks. Ostuajaloo&#8230;<\/p>\n","protected":false},"author":1,"featured_media":0,"parent":0,"menu_order":0,"comment_status":"closed","ping_status":"open","template":"","meta":{"_acf_changed":false,"footnotes":""},"class_list":{"0":"post-11901","1":"page","2":"type-page","3":"status-publish","4":"hentry","5":"nt-post-class","6":"","7":"thumb-none","9":"excerpt-none"},"acf":[],"_links":{"self":[{"href":"https:\/\/store.astieks.com\/et\/wp-json\/wp\/v2\/pages\/11901","targetHints":{"allow":["GET"]}}],"collection":[{"href":"https:\/\/store.astieks.com\/et\/wp-json\/wp\/v2\/pages"}],"about":[{"href":"https:\/\/store.astieks.com\/et\/wp-json\/wp\/v2\/types\/page"}],"author":[{"embeddable":true,"href":"https:\/\/store.astieks.com\/et\/wp-json\/wp\/v2\/users\/1"}],"replies":[{"embeddable":true,"href":"https:\/\/store.astieks.com\/et\/wp-json\/wp\/v2\/comments?post=11901"}],"version-history":[{"count":3,"href":"https:\/\/store.astieks.com\/et\/wp-json\/wp\/v2\/pages\/11901\/revisions"}],"predecessor-version":[{"id":11910,"href":"https:\/\/store.astieks.com\/et\/wp-json\/wp\/v2\/pages\/11901\/revisions\/11910"}],"wp:attachment":[{"href":"https:\/\/store.astieks.com\/et\/wp-json\/wp\/v2\/media?parent=11901"}],"curies":[{"name":"wp","href":"https:\/\/api.w.org\/{rel}","templated":true}]}}