{"id":11520,"date":"2021-09-10T07:47:21","date_gmt":"2021-09-10T07:47:21","guid":{"rendered":"https:\/\/test.astieks.com\/about-us\/"},"modified":"2025-06-17T07:39:24","modified_gmt":"2025-06-17T07:39:24","slug":"about-us","status":"publish","type":"page","link":"https:\/\/store.astieks.com\/et\/about-us\/","title":{"rendered":"Meist"},"content":{"rendered":"\t\t<div data-elementor-type=\"wp-page\" data-elementor-id=\"11520\" class=\"elementor elementor-11520 elementor-107\" data-elementor-post-type=\"page\">\n\t\t\t\t<div class=\"gap- elementor-element elementor-element-d49213a goldsmith-parallax jarallax parallax-yes e-flex e-con-boxed e-con e-parent\" data-goldsmith-parallax=\"{&quot;type&quot;:&quot;scroll&quot;,&quot;speed&quot;:&quot;0.3&quot;,&quot;imgsize&quot;:&quot;cover&quot;,&quot;imgsrc&quot;:&quot;http:\/\/217.146.72.22:8000\/wp-content\/uploads\/2025\/05\/pedes1-450x450.jpg.jpg&quot;,&quot;mobile&quot;:&quot;&quot;}\" data-id=\"d49213a\" data-element_type=\"container\" data-settings=\"{&quot;background_background&quot;:&quot;classic&quot;}\">\n\t\t\t\t\t<div class=\"e-con-inner\">\n\t\t<div class=\"gap- elementor-element elementor-element-5ded6b6 e-con-full e-flex e-con e-child\" data-id=\"5ded6b6\" data-element_type=\"container\">\n\t\t\t\t<div class=\"elementor-element elementor-element-6fa758d goldsmith-transform transform-type-translate elementor-invisible elementor-widget elementor-widget-heading\" data-id=\"6fa758d\" data-element_type=\"widget\" data-settings=\"{&quot;_animation&quot;:&quot;fadeIn&quot;,&quot;_animation_delay&quot;:300}\" data-widget_type=\"heading.default\">\n\t\t\t\t<div class=\"elementor-widget-container\">\n\t\t\t\t\t<span class=\"elementor-heading-title elementor-size-default\">Astieks pood<\/span>\t\t\t\t<\/div>\n\t\t\t\t<\/div>\n\t\t\t\t<div class=\"elementor-element elementor-element-e8d48f2 elementor-widget__width-inherit goldsmith-transform transform-type-translate elementor-invisible elementor-widget elementor-widget-heading\" data-id=\"e8d48f2\" data-element_type=\"widget\" data-settings=\"{&quot;_animation&quot;:&quot;fadeIn&quot;,&quot;_animation_delay&quot;:400}\" data-widget_type=\"heading.default\">\n\t\t\t\t<div class=\"elementor-widget-container\">\n\t\t\t\t\t<h1 class=\"elementor-heading-title elementor-size-default\">Kus mugavus kohtub kunstiga<\/h1>\t\t\t\t<\/div>\n\t\t\t\t<\/div>\n\t\t\t\t<div class=\"elementor-element elementor-element-edf734d elementor-widget__width-initial goldsmith-transform transform-type-translate elementor-invisible elementor-widget elementor-widget-heading\" data-id=\"edf734d\" data-element_type=\"widget\" data-settings=\"{&quot;_animation&quot;:&quot;fadeIn&quot;,&quot;_animation_delay&quot;:400}\" data-widget_type=\"heading.default\">\n\t\t\t\t<div class=\"elementor-widget-container\">\n\t\t\t\t\t<h5 class=\"elementor-heading-title elementor-size-default\">Olgu tegemist kodu sisustamise, ainulaadse kingituse leidmise v\u00f5i ruumi t\u00e4iendamisega \u2013 Astieks pakub mugavuse, kvaliteedi ja kunsti harmoonilist kooslust. Iga toode on hoolikalt ja eesm\u00e4rgip\u00e4raselt valitud.<\/h5>\t\t\t\t<\/div>\n\t\t\t\t<\/div>\n\t\t\t\t<\/div>\n\t\t\t\t\t<\/div>\n\t\t\t\t<\/div>\n\t\t<div class=\"gap- elementor-element elementor-element-c75e60b e-flex e-con-boxed e-con e-parent\" data-id=\"c75e60b\" data-element_type=\"container\" data-settings=\"{&quot;background_background&quot;:&quot;video&quot;,&quot;background_video_link&quot;:&quot;https:\\\/\\\/test.astieks.com\\\/wp-content\\\/uploads\\\/2025\\\/06\\\/FullSizeRender.mp4&quot;,&quot;background_video_start&quot;:0,&quot;background_play_on_mobile&quot;:&quot;yes&quot;}\">\n\t\t\t\t\t<div class=\"e-con-inner\">\n\t\t<div class=\"elementor-background-video-container\" aria-hidden=\"true\">\n\t\t\t\t\t\t\t<video class=\"elementor-background-video-hosted\" autoplay muted playsinline loop><\/video>\n\t\t\t\t\t<\/div>\t\t\t<\/div>\n\t\t\t\t<\/div>\n\t\t<div class=\"gap- elementor-element elementor-element-00a3537 nt-section section-padding e-flex e-con-boxed e-con e-parent\" data-id=\"00a3537\" data-element_type=\"container\" id=\"s1\">\n\t\t\t\t\t<div class=\"e-con-inner\">\n\t\t<div class=\"gap- elementor-element elementor-element-63e3a37 e-con-full e-flex e-con e-child\" data-id=\"63e3a37\" data-element_type=\"container\">\n\t\t<div class=\"gap- elementor-element elementor-element-7123162 e-con-full e-flex e-con e-child\" data-id=\"7123162\" data-element_type=\"container\">\n\t\t<div class=\"gap- elementor-element elementor-element-57fe128 e-con-full e-flex e-con e-child\" data-id=\"57fe128\" data-element_type=\"container\">\n\t\t\t\t<div class=\"elementor-element elementor-element-c25b59c elementor-invisible elementor-widget elementor-widget-image\" data-id=\"c25b59c\" data-element_type=\"widget\" data-settings=\"{&quot;_animation&quot;:&quot;slideInUp&quot;}\" data-widget_type=\"image.default\">\n\t\t\t\t<div class=\"elementor-widget-container\">\n\t\t\t\t\t\t\t\t\t\t\t\t\t\t\t<img fetchpriority=\"high\" decoding=\"async\" width=\"1000\" height=\"1072\" src=\"https:\/\/store.astieks.com\/wp-content\/uploads\/2025\/06\/01-Asteiks-.jpg\" class=\"elementor-animation-float attachment-full size-full wp-image-10883\" alt=\"\" \/>\t\t\t\t\t\t\t\t\t\t\t\t\t\t\t<\/div>\n\t\t\t\t<\/div>\n\t\t\t\t<\/div>\n\t\t<div class=\"gap- elementor-element elementor-element-abdb227 e-con-full e-flex e-con e-child\" data-id=\"abdb227\" data-element_type=\"container\">\n\t\t\t\t<div class=\"elementor-element elementor-element-31ef32c elementor-widget elementor-widget-goldsmith-widget-label\" data-id=\"31ef32c\" data-element_type=\"widget\" data-widget_type=\"goldsmith-widget-label.default\">\n\t\t\t\t<div class=\"elementor-widget-container\">\n\t\t\t\t\t<span class=\"goldsmith-widget-label label-solid label-square label-small goldsmith-label-yellow\">ASTIEKSIST<\/span>\t\t\t\t<\/div>\n\t\t\t\t<\/div>\n\t\t\t\t<div class=\"elementor-element elementor-element-eeb7ef4 goldsmith-transform transform-type-translate elementor-invisible elementor-widget elementor-widget-heading\" data-id=\"eeb7ef4\" data-element_type=\"widget\" data-settings=\"{&quot;_animation&quot;:&quot;fadeInDown&quot;,&quot;_animation_delay&quot;:400}\" data-widget_type=\"heading.default\">\n\t\t\t\t<div class=\"elementor-widget-container\">\n\t\t\t\t\t<h2 class=\"elementor-heading-title elementor-size-default\">Kus disain muutub emotsiooniks<\/h2>\t\t\t\t<\/div>\n\t\t\t\t<\/div>\n\t\t\t\t<div class=\"elementor-element elementor-element-c9b6458 elementor-widget__width-initial goldsmith-transform transform-type-translate elementor-invisible elementor-widget elementor-widget-heading\" data-id=\"c9b6458\" data-element_type=\"widget\" data-settings=\"{&quot;_animation&quot;:&quot;fadeIn&quot;,&quot;_animation_delay&quot;:600}\" data-widget_type=\"heading.default\">\n\t\t\t\t<div class=\"elementor-widget-container\">\n\t\t\t\t\t<p class=\"elementor-heading-title elementor-size-default\">Astieks ei ole lihtsalt kontseptsioonipood \u2014 see on hoolikalt kureeritud sihtkoht neile, kes hindavad esteetikat, kvaliteeti ja t\u00e4hendust. Iga ese on valitud hoole ja t\u00e4helepanuga, et sulanduda sinu elustiiliga, \u00fchendades ajatuse ja peene disaini. Juba \u00fcle 20 aasta oleme loonud sisekujundusi, millel on hing.<\/p>\t\t\t\t<\/div>\n\t\t\t\t<\/div>\n\t\t\t\t<div class=\"elementor-element elementor-element-e6d7e4f elementor-widget elementor-widget-goldsmith-button\" data-id=\"e6d7e4f\" data-element_type=\"widget\" data-widget_type=\"goldsmith-button.default\">\n\t\t\t\t<div class=\"elementor-widget-container\">\n\t\t\t\t\t<a data-id=\"btn-e6d7e4f\" class=\"type-widget goldsmith-btn goldsmith-btn-dark goldsmith-btn-border goldsmith-btn-square goldsmith-btn-medium btn-icon-right has-icon\" href=\"\/et\/brands\/\"><span class=\"goldsmith-button-inner\"><span class=\"goldsmith-btn-text\">Poodi<\/span> <span class=\"goldsmith-button-icon\"><svg aria-hidden=\"true\" class=\"e-font-icon-svg e-fas-caret-right\" viewBox=\"0 0 192 512\" xmlns=\"http:\/\/www.w3.org\/2000\/svg\"><path d=\"M0 384.662V127.338c0-17.818 21.543-26.741 34.142-14.142l128.662 128.662c7.81 7.81 7.81 20.474 0 28.284L34.142 398.804C21.543 411.404 0 402.48 0 384.662z\"><\/path><\/svg><\/span><\/span><\/a>\t\t\t\t<\/div>\n\t\t\t\t<\/div>\n\t\t\t\t<\/div>\n\t\t\t\t<\/div>\n\t\t<div class=\"gap- elementor-element elementor-element-af76e91 e-con-full e-flex e-con e-child\" data-id=\"af76e91\" data-element_type=\"container\">\n\t\t<div class=\"gap- elementor-element elementor-element-da071b7 e-con-full e-flex e-con e-child\" data-id=\"da071b7\" data-element_type=\"container\">\n\t\t\t\t<div class=\"elementor-element elementor-element-82f08b0 elementor-widget elementor-widget-goldsmith-widget-label\" data-id=\"82f08b0\" data-element_type=\"widget\" data-widget_type=\"goldsmith-widget-label.default\">\n\t\t\t\t<div class=\"elementor-widget-container\">\n\t\t\t\t\t<span class=\"goldsmith-widget-label label-solid label-square label-small goldsmith-label-yellow\">FILOSOOFIA<\/span>\t\t\t\t<\/div>\n\t\t\t\t<\/div>\n\t\t\t\t<div class=\"elementor-element elementor-element-6b3f270 goldsmith-transform transform-type-translate elementor-invisible elementor-widget elementor-widget-heading\" data-id=\"6b3f270\" data-element_type=\"widget\" data-settings=\"{&quot;_animation&quot;:&quot;slideInUp&quot;,&quot;_animation_delay&quot;:400}\" data-widget_type=\"heading.default\">\n\t\t\t\t<div class=\"elementor-widget-container\">\n\t\t\t\t\t<h2 class=\"elementor-heading-title elementor-size-default\">L\u00e4bim\u00f5eldud elu, kaunilt v\u00e4ljendatud<\/h2>\t\t\t\t<\/div>\n\t\t\t\t<\/div>\n\t\t\t\t<div class=\"elementor-element elementor-element-3b0798c goldsmith-transform transform-type-translate elementor-invisible elementor-widget elementor-widget-heading\" data-id=\"3b0798c\" data-element_type=\"widget\" data-settings=\"{&quot;_animation&quot;:&quot;slideInUp&quot;,&quot;_animation_delay&quot;:500}\" data-widget_type=\"heading.default\">\n\t\t\t\t<div class=\"elementor-widget-container\">\n\t\t\t\t\t<p class=\"elementor-heading-title elementor-size-default\">Usume, et t\u00f5eline ilu peitub tasakaalus \u2014 vormi ja funktsiooni, traditsiooni ja uuenduse vahel. Astieks \u00fchendab kunstilise n\u00e4gemuse ja eesm\u00e4rgip\u00e4rase disaini, et luua rahu, selguse ja mugavuse atmosf\u00e4\u00e4r. Meie missioon: pakkuda mitte lihtsalt esemeid, vaid kogemusi, mis muudavad sinu kodu pelgupaigaks.<\/p>\t\t\t\t<\/div>\n\t\t\t\t<\/div>\n\t\t\t\t<\/div>\n\t\t<div class=\"gap- elementor-element elementor-element-3a914f7 e-con-full e-flex e-con e-child\" data-id=\"3a914f7\" data-element_type=\"container\">\n\t\t\t\t<div class=\"elementor-element elementor-element-62ebb7c elementor-invisible elementor-widget elementor-widget-image\" data-id=\"62ebb7c\" data-element_type=\"widget\" data-settings=\"{&quot;_animation&quot;:&quot;slideInUp&quot;}\" data-widget_type=\"image.default\">\n\t\t\t\t<div class=\"elementor-widget-container\">\n\t\t\t\t\t\t\t\t\t\t\t\t\t\t\t<img decoding=\"async\" src=\"https:\/\/test.astieks.com\/wp-content\/uploads\/2025\/06\/480052916_18293647570240112_2430167001620156390_n.jpg\" title=\"\" alt=\"\" class=\"elementor-animation-float\" loading=\"lazy\" \/>\t\t\t\t\t\t\t\t\t\t\t\t\t\t\t<\/div>\n\t\t\t\t<\/div>\n\t\t\t\t<\/div>\n\t\t\t\t<\/div>\n\t\t\t\t<\/div>\n\t\t\t\t\t<\/div>\n\t\t\t\t<\/div>\n\t\t<div class=\"gap- elementor-element elementor-element-5f47a80 nt-section section-padding e-flex e-con-boxed e-con e-parent\" data-id=\"5f47a80\" data-element_type=\"container\" data-settings=\"{&quot;background_background&quot;:&quot;classic&quot;}\">\n\t\t\t\t\t<div class=\"e-con-inner\">\n\t\t<div class=\"gap- elementor-element elementor-element-76cdcab e-con-full e-flex e-con e-child\" data-id=\"76cdcab\" data-element_type=\"container\">\n\t\t\t\t<div class=\"elementor-element elementor-element-bf8134d animated-fast goldsmith-transform transform-type-translate elementor-invisible elementor-widget elementor-widget-heading\" data-id=\"bf8134d\" data-element_type=\"widget\" data-settings=\"{&quot;_animation&quot;:&quot;slideInUp&quot;,&quot;_animation_delay&quot;:400}\" data-widget_type=\"heading.default\">\n\t\t\t\t<div class=\"elementor-widget-container\">\n\t\t\t\t\t<h6 class=\"elementor-heading-title elementor-size-default\">Hinnapoliitika<\/h6>\t\t\t\t<\/div>\n\t\t\t\t<\/div>\n\t\t\t\t<div class=\"elementor-element elementor-element-550e773 animated-fast goldsmith-transform transform-type-translate elementor-invisible elementor-widget elementor-widget-heading\" data-id=\"550e773\" data-element_type=\"widget\" data-settings=\"{&quot;_animation&quot;:&quot;slideInUp&quot;,&quot;_animation_delay&quot;:600}\" data-widget_type=\"heading.default\">\n\t\t\t\t<div class=\"elementor-widget-container\">\n\t\t\t\t\t<h2 class=\"elementor-heading-title elementor-size-default\">Premium disain. \u00d5iglane v\u00e4\u00e4rtus. Alati Astieks.<\/h2>\t\t\t\t<\/div>\n\t\t\t\t<\/div>\n\t\t\t\t<div class=\"elementor-element elementor-element-c845c64 animated-fast goldsmith-transform transform-type-translate elementor-invisible elementor-widget elementor-widget-heading\" data-id=\"c845c64\" data-element_type=\"widget\" data-settings=\"{&quot;_animation&quot;:&quot;slideInUp&quot;,&quot;_animation_delay&quot;:800}\" data-widget_type=\"heading.default\">\n\t\t\t\t<div class=\"elementor-widget-container\">\n\t\t\t\t\t<h5 class=\"elementor-heading-title elementor-size-default\">Astieksis ei t\u00e4henda luksus liialdust \u2014 see t\u00e4hendab kestvat v\u00e4\u00e4rtust. Meie hinnad peegeldavad iga eseme k\u00e4sit\u00f6\u00f6oskust, p\u00e4ritolu ja materjale. Olgu tegemist ajatult kauni sisustuselemendi v\u00f5i funktsionaalse kunstiteosega, usume ausasse hinnastamisse, mis austab nii loojaid kui ka ostjaid.<\/h5>\t\t\t\t<\/div>\n\t\t\t\t<\/div>\n\t\t\t\t<\/div>\n\t\t\t\t\t<\/div>\n\t\t\t\t<\/div>\n\t\t<div class=\"gap- elementor-element elementor-element-2315729 nt-section section-padding e-flex e-con-boxed e-con e-parent\" data-id=\"2315729\" data-element_type=\"container\" data-settings=\"{&quot;background_background&quot;:&quot;classic&quot;}\">\n\t\t\t\t\t<div class=\"e-con-inner\">\n\t\t<div class=\"gap- elementor-element elementor-element-7431625 e-con-full e-flex e-con e-child\" data-id=\"7431625\" data-element_type=\"container\">\n\t\t\t\t<div class=\"elementor-element elementor-element-0c822eb goldsmith-transform transform-type-translate elementor-widget elementor-widget-heading\" data-id=\"0c822eb\" data-element_type=\"widget\" data-widget_type=\"heading.default\">\n\t\t\t\t<div class=\"elementor-widget-container\">\n\t\t\t\t\t<h2 class=\"elementor-heading-title elementor-size-default\">Loojameeskond<\/h2>\t\t\t\t<\/div>\n\t\t\t\t<\/div>\n\t\t<div class=\"gap- elementor-element elementor-element-897b6dc e-con-full e-flex e-con e-child\" data-id=\"897b6dc\" data-element_type=\"container\">\n\t\t<div class=\"gap- elementor-element elementor-element-50eb968 e-con-full e-flex e-con e-child\" data-id=\"50eb968\" data-element_type=\"container\">\n\t\t\t\t<div class=\"elementor-element elementor-element-3c16e5c elementor-widget elementor-widget-image\" data-id=\"3c16e5c\" data-element_type=\"widget\" data-widget_type=\"image.default\">\n\t\t\t\t<div class=\"elementor-widget-container\">\n\t\t\t\t\t\t\t\t\t\t\t\t\t\t\t<img decoding=\"async\" width=\"1500\" height=\"1500\" src=\"https:\/\/store.astieks.com\/wp-content\/uploads\/2025\/06\/bigjpg_2x_photo_none_Irina.jpg\" class=\"attachment-full size-full wp-image-12497\" alt=\"\" \/>\t\t\t\t\t\t\t\t\t\t\t\t\t\t\t<\/div>\n\t\t\t\t<\/div>\n\t\t\t\t<div class=\"elementor-element elementor-element-96fdf1f elementor-widget__width-auto goldsmith-transform transform-type-translate elementor-widget elementor-widget-heading\" data-id=\"96fdf1f\" data-element_type=\"widget\" data-widget_type=\"heading.default\">\n\t\t\t\t<div class=\"elementor-widget-container\">\n\t\t\t\t\t<h5 class=\"elementor-heading-title elementor-size-default\">Irina Klimovskih\n<\/h5>\t\t\t\t<\/div>\n\t\t\t\t<\/div>\n\t\t\t\t<div class=\"elementor-element elementor-element-af0e220 elementor-widget__width-auto goldsmith-transform transform-type-translate elementor-widget elementor-widget-heading\" data-id=\"af0e220\" data-element_type=\"widget\" data-widget_type=\"heading.default\">\n\t\t\t\t<div class=\"elementor-widget-container\">\n\t\t\t\t\t<h6 class=\"elementor-heading-title elementor-size-default\"> Juhatuse liige<\/h6>\t\t\t\t<\/div>\n\t\t\t\t<\/div>\n\t\t\t\t<\/div>\n\t\t<div class=\"gap- elementor-element elementor-element-e1a997b e-con-full e-flex e-con e-child\" data-id=\"e1a997b\" data-element_type=\"container\">\n\t\t\t\t<div class=\"elementor-element elementor-element-baacefe elementor-widget elementor-widget-image\" data-id=\"baacefe\" data-element_type=\"widget\" data-widget_type=\"image.default\">\n\t\t\t\t<div class=\"elementor-widget-container\">\n\t\t\t\t\t\t\t\t\t\t\t\t\t\t\t<img decoding=\"async\" width=\"768\" height=\"768\" src=\"https:\/\/store.astieks.com\/wp-content\/uploads\/2025\/06\/bigjpg_2x_photo_none_Natalja-768x768.jpg\" class=\"attachment-medium_large size-medium_large wp-image-12494\" alt=\"\" \/>\t\t\t\t\t\t\t\t\t\t\t\t\t\t\t<\/div>\n\t\t\t\t<\/div>\n\t\t\t\t<div class=\"elementor-element elementor-element-196cd08 elementor-widget__width-auto goldsmith-transform transform-type-translate elementor-widget elementor-widget-heading\" data-id=\"196cd08\" data-element_type=\"widget\" data-widget_type=\"heading.default\">\n\t\t\t\t<div class=\"elementor-widget-container\">\n\t\t\t\t\t<h5 class=\"elementor-heading-title elementor-size-default\">Natalja Burova\n<\/h5>\t\t\t\t<\/div>\n\t\t\t\t<\/div>\n\t\t\t\t<div class=\"elementor-element elementor-element-9fb42e7 elementor-widget__width-auto goldsmith-transform transform-type-translate elementor-widget elementor-widget-heading\" data-id=\"9fb42e7\" data-element_type=\"widget\" data-widget_type=\"heading.default\">\n\t\t\t\t<div class=\"elementor-widget-container\">\n\t\t\t\t\t<h6 class=\"elementor-heading-title elementor-size-default\">Kontorijuht<\/h6>\t\t\t\t<\/div>\n\t\t\t\t<\/div>\n\t\t\t\t<\/div>\n\t\t<div class=\"gap- elementor-element elementor-element-8a81901 e-con-full e-flex e-con e-child\" data-id=\"8a81901\" data-element_type=\"container\">\n\t\t\t\t<div class=\"elementor-element elementor-element-d2091d8 elementor-widget elementor-widget-image\" data-id=\"d2091d8\" data-element_type=\"widget\" data-widget_type=\"image.default\">\n\t\t\t\t<div class=\"elementor-widget-container\">\n\t\t\t\t\t\t\t\t\t\t\t\t\t\t\t<img loading=\"lazy\" decoding=\"async\" width=\"768\" height=\"768\" src=\"https:\/\/store.astieks.com\/wp-content\/uploads\/2025\/06\/bigjpg_4x_photo_none_astieks-contacts-stanislav-768x768.jpg\" class=\"attachment-medium_large size-medium_large wp-image-12491\" alt=\"\" \/>\t\t\t\t\t\t\t\t\t\t\t\t\t\t\t<\/div>\n\t\t\t\t<\/div>\n\t\t\t\t<div class=\"elementor-element elementor-element-cce5bf2 elementor-widget__width-auto goldsmith-transform transform-type-translate elementor-widget elementor-widget-heading\" data-id=\"cce5bf2\" data-element_type=\"widget\" data-widget_type=\"heading.default\">\n\t\t\t\t<div class=\"elementor-widget-container\">\n\t\t\t\t\t<h5 class=\"elementor-heading-title elementor-size-default\">Stas Gorohhov\n<\/h5>\t\t\t\t<\/div>\n\t\t\t\t<\/div>\n\t\t\t\t<div class=\"elementor-element elementor-element-a854556 elementor-widget__width-auto goldsmith-transform transform-type-translate elementor-widget elementor-widget-heading\" data-id=\"a854556\" data-element_type=\"widget\" data-widget_type=\"heading.default\">\n\t\t\t\t<div class=\"elementor-widget-container\">\n\t\t\t\t\t<h6 class=\"elementor-heading-title elementor-size-default\">Sisearhitekt<\/h6>\t\t\t\t<\/div>\n\t\t\t\t<\/div>\n\t\t\t\t<\/div>\n\t\t\t\t<\/div>\n\t\t\t\t<\/div>\n\t\t\t\t\t<\/div>\n\t\t\t\t<\/div>\n\t\t\t\t<\/div>\n\t\t","protected":false},"excerpt":{"rendered":"<p>Astieks pood Kus mugavus kohtub kunstiga Olgu tegemist kodu sisustamise, ainulaadse kingituse leidmise v\u00f5i ruumi t\u00e4iendamisega \u2013 Astieks pakub mugavuse, kvaliteedi ja kunsti harmoonilist kooslust. Iga toode on hoolikalt ja eesm\u00e4rgip\u00e4raselt valitud. ASTIEKSIST Kus disain muutub emotsiooniks Astieks ei ole lihtsalt kontseptsioonipood \u2014 see on hoolikalt kureeritud sihtkoht neile, kes hindavad esteetikat, kvaliteeti ja t\u00e4hendust&#8230;.<\/p>\n","protected":false},"author":1,"featured_media":0,"parent":0,"menu_order":0,"comment_status":"closed","ping_status":"closed","template":"","meta":{"_acf_changed":false,"footnotes":""},"class_list":{"0":"post-11520","1":"page","2":"type-page","3":"status-publish","4":"hentry","5":"nt-post-class","6":"","7":"thumb-none","9":"excerpt-none"},"acf":[],"_links":{"self":[{"href":"https:\/\/store.astieks.com\/et\/wp-json\/wp\/v2\/pages\/11520","targetHints":{"allow":["GET"]}}],"collection":[{"href":"https:\/\/store.astieks.com\/et\/wp-json\/wp\/v2\/pages"}],"about":[{"href":"https:\/\/store.astieks.com\/et\/wp-json\/wp\/v2\/types\/page"}],"author":[{"embeddable":true,"href":"https:\/\/store.astieks.com\/et\/wp-json\/wp\/v2\/users\/1"}],"replies":[{"embeddable":true,"href":"https:\/\/store.astieks.com\/et\/wp-json\/wp\/v2\/comments?post=11520"}],"version-history":[{"count":9,"href":"https:\/\/store.astieks.com\/et\/wp-json\/wp\/v2\/pages\/11520\/revisions"}],"predecessor-version":[{"id":12532,"href":"https:\/\/store.astieks.com\/et\/wp-json\/wp\/v2\/pages\/11520\/revisions\/12532"}],"wp:attachment":[{"href":"https:\/\/store.astieks.com\/et\/wp-json\/wp\/v2\/media?parent=11520"}],"curies":[{"name":"wp","href":"https:\/\/api.w.org\/{rel}","templated":true}]}}